{"id":43,"date":"2022-01-19T12:46:53","date_gmt":"2022-01-19T11:46:53","guid":{"rendered":"https:\/\/firmen.thelen-gruppe.com\/tkh\/?page_id=43"},"modified":"2024-06-19T09:15:35","modified_gmt":"2024-06-19T07:15:35","slug":"impressum","status":"publish","type":"page","link":"https:\/\/firmen.thelen-gruppe.com\/tkh\/impressum\/","title":{"rendered":"Impressum"},"content":{"rendered":"<div class=\"fusion-fullwidth fullwidth-box fusion-builder-row-1 fusion-flex-container nonhundred-percent-fullwidth non-hundred-percent-height-scrolling\" style=\"--awb-border-radius-top-left:0px;--awb-border-radius-top-right:0px;--awb-border-radius-bottom-right:0px;--awb-border-radius-bottom-left:0px;--awb-padding-bottom:0%;--awb-background-color:#eeeeee;--awb-flex-wrap:wrap;\" ><div class=\"fusion-builder-row fusion-row fusion-flex-align-items-flex-start fusion-flex-content-wrap\" style=\"max-width:1248px;margin-left: calc(-4% \/ 2 );margin-right: calc(-4% \/ 2 );\"><div class=\"fusion-layout-column fusion_builder_column fusion-builder-column-0 fusion_builder_column_1_1 1_1 fusion-flex-column fusion-no-large-visibility\" style=\"--awb-bg-size:cover;--awb-width-large:100%;--awb-margin-top-large:0px;--awb-spacing-right-large:1.92%;--awb-margin-bottom-large:0px;--awb-spacing-left-large:1.92%;--awb-width-medium:100%;--awb-spacing-right-medium:1.92%;--awb-spacing-left-medium:1.92%;--awb-width-small:100%;--awb-spacing-right-small:1.92%;--awb-spacing-left-small:1.92%;\"><div class=\"fusion-column-wrapper fusion-column-has-shadow fusion-flex-justify-content-flex-start fusion-content-layout-column\"><div class=\"fusion-separator fusion-full-width-sep\" style=\"align-self: center;margin-left: auto;margin-right: auto;margin-bottom:3%;width:100%;\"><\/div><\/div><\/div><div class=\"fusion-layout-column fusion_builder_column fusion-builder-column-1 fusion_builder_column_1_2 1_2 fusion-flex-column fusion-animated\" style=\"--awb-padding-right:0%;--awb-bg-size:cover;--awb-width-large:50%;--awb-margin-top-large:0px;--awb-spacing-right-large:4.608%;--awb-margin-bottom-large:8%;--awb-spacing-left-large:3.84%;--awb-width-medium:100%;--awb-spacing-right-medium:1.92%;--awb-spacing-left-medium:1.92%;--awb-width-small:100%;--awb-spacing-right-small:1.92%;--awb-spacing-left-small:1.92%;\" data-animationType=\"fadeInUp\" data-animationDuration=\"1.0\" data-animationOffset=\"top-into-view\"><div class=\"fusion-column-wrapper fusion-column-has-shadow fusion-flex-justify-content-flex-start fusion-content-layout-column\"><div class=\"fusion-title title fusion-title-1 fusion-sep-none fusion-title-text fusion-title-size-three\" style=\"--awb-margin-bottom:2%;\"><h3 class=\"fusion-title-heading title-heading-left fusion-responsive-typography-calculated\" style=\"margin:0;--fontSize:36;line-height:1.3;\">Betreiber der Webseite:<\/h3><\/div><div class=\"fusion-text fusion-text-1\"><p style=\"text-align: left;\"><span style=\"color: #ffcc00;\"><strong>\/\/\/\/\/\/\/\/\/\/\/\/\/\/\/\/\/\/\/\/\/\/\/\/\/\/\/\/\/\/\/\/\/\/\/\/\/\/\/<\/strong><\/span><\/p>\n<\/div><div class=\"fusion-separator fusion-full-width-sep\" style=\"align-self: center;margin-left: auto;margin-right: auto;margin-bottom:7%;width:100%;\"><\/div><div class=\"fusion-text fusion-text-2\"><p><strong>TK Handwerksleistungen GmbH<\/strong><\/p>\n<\/div><ul style=\"--awb-size:18px;--awb-line-height:30.6px;--awb-icon-width:30.6px;--awb-icon-height:30.6px;--awb-icon-margin:12.6px;--awb-content-margin:43.2px;\" class=\"fusion-checklist fusion-checklist-1 fusion-checklist-default type-icons\"><li class=\"fusion-li-item\" style=\"\"><span class=\"icon-wrapper circle-no\"><i class=\"fusion-li-icon fa-map-marker-alt fas\" aria-hidden=\"true\"><\/i><\/span><div class=\"fusion-li-item-content\">\n<p>Alfredstra\u00dfe 150 \u2022 45131 Essen<\/p>\n<\/div><\/li><li class=\"fusion-li-item\" style=\"\"><span class=\"icon-wrapper circle-no\"><i class=\"fusion-li-icon fa-phone-alt fas\" aria-hidden=\"true\"><\/i><\/span><div class=\"fusion-li-item-content\">+49 201 50790-0<\/div><\/li><li class=\"fusion-li-item\" style=\"\"><span class=\"icon-wrapper circle-no\"><i class=\"fusion-li-icon fa-fax fas\" aria-hidden=\"true\"><\/i><\/span><div class=\"fusion-li-item-content\">+49 201 50790-199<\/div><\/li><li class=\"fusion-li-item\" style=\"\"><span class=\"icon-wrapper circle-no\"><i class=\"fusion-li-icon fa-envelope fas\" aria-hidden=\"true\"><\/i><\/span><div class=\"fusion-li-item-content\">\n<p>info@tkh-online.de<\/p>\n<\/div><\/li><\/ul><div class=\"fusion-separator fusion-full-width-sep\" style=\"align-self: center;margin-left: auto;margin-right: auto;margin-bottom:5%;width:100%;\"><\/div><div class=\"fusion-text fusion-text-3\"><p><strong>Betriebsst\u00e4tte Neuss<br \/>\n<\/strong><\/p>\n<\/div><ul style=\"--awb-size:18px;--awb-line-height:30.6px;--awb-icon-width:30.6px;--awb-icon-height:30.6px;--awb-icon-margin:12.6px;--awb-content-margin:43.2px;\" class=\"fusion-checklist fusion-checklist-2 fusion-checklist-default type-icons\"><li class=\"fusion-li-item\" style=\"\"><span class=\"icon-wrapper circle-no\"><i class=\"fusion-li-icon fa-map-marker-alt fas\" aria-hidden=\"true\"><\/i><\/span><div class=\"fusion-li-item-content\">\n<p>Osterather Stra\u00dfe 8A \u2022 41460 Neuss<\/p>\n<\/div><\/li><li class=\"fusion-li-item\" style=\"\"><span class=\"icon-wrapper circle-no\"><i class=\"fusion-li-icon fa-phone-alt fas\" aria-hidden=\"true\"><\/i><\/span><div class=\"fusion-li-item-content\">\n<p>+49 2131 75041-0<\/p>\n<\/div><\/li><li class=\"fusion-li-item\" style=\"\"><span class=\"icon-wrapper circle-no\"><i class=\"fusion-li-icon fa-fax fas\" aria-hidden=\"true\"><\/i><\/span><div class=\"fusion-li-item-content\">\n<p>+49 2131 75041-99<\/p>\n<\/div><\/li><li class=\"fusion-li-item\" style=\"\"><span class=\"icon-wrapper circle-no\"><i class=\"fusion-li-icon fa-envelope fas\" aria-hidden=\"true\"><\/i><\/span><div class=\"fusion-li-item-content\">\n<p>info@tkh-online.de<\/p>\n<\/div><\/li><\/ul><div class=\"fusion-separator fusion-full-width-sep\" style=\"align-self: center;margin-left: auto;margin-right: auto;margin-bottom:5%;width:100%;\"><\/div><div class=\"fusion-text fusion-text-4\"><p>Handelsregister Essen \u2022 HRB 32599<\/p>\n<p>Vertretungsberechtigte Gesch\u00e4ftsf\u00fchrer:<br \/>\nWolfgang Thelen, Christoph Thelen, Tomasz Kalus<\/p>\n<p>USt-Id. Organtr\u00e4ger:<br \/>\nAREAL Holding GmbH\u00a0 DE296354511<\/p>\n<p>Verantwortliche gem\u00e4\u00df \u00a7 18 Abs. 2 MStV:<br \/>\nWolfgang Thelen, Christoph Thelen, Tomasz Kalus<\/p>\n<p style=\"font-weight: 400;\"><strong>Au\u00dfergerichtliche Streitbeilegung<\/strong><\/p>\n<p style=\"font-weight: 400;\">Die Thelen Holding GmbH sowie die mit ihr verbundenen Unternehmen sind nicht verpflichtet und bereit, an Streitbeilegungsverfahren im Sinne des Verbraucherstreitbeilegungsgesetzes teilzunehmen.<\/p>\n<p style=\"font-weight: 400;\">Die EU-Kommission stellt eine Plattform zur Online-Streitbeilegung (OS-Plattform) verbraucherrechtlicher Streitigkeiten bereit, die aus Online-Kaufvertr\u00e4gen und Online-Dienstleistungsvertr\u00e4gen resultieren. Diese Plattform erreichen Sie im Internet unter: <a href=\"https:\/\/ec.europa.eu\/consumers\/odr\/\">https:\/\/ec.europa.eu\/consumers\/odr\/<\/a><\/p>\n<\/div><div class=\"fusion-separator fusion-full-width-sep\" style=\"align-self: center;margin-left: auto;margin-right: auto;margin-bottom:5%;width:100%;\"><\/div><div class=\"fusion-title title fusion-title-2 fusion-sep-none fusion-title-text fusion-title-size-three\" style=\"--awb-margin-bottom:2%;\"><h3 class=\"fusion-title-heading title-heading-left fusion-responsive-typography-calculated\" style=\"margin:0;--fontSize:36;line-height:1.3;\">Bildnachweis<\/h3><\/div><div class=\"fusion-text fusion-text-5\"><p style=\"text-align: left;\"><span style=\"color: #ffcc00;\"><strong>\/\/\/\/\/\/\/\/\/\/\/\/\/\/\/\/\/\/\/\/\/\/\/\/\/\/\/\/\/\/\/\/\/\/\/\/\/\/\/<\/strong><\/span><\/p>\n<\/div><div class=\"fusion-text fusion-text-6\"><p><span style=\"color: #000000;\"><a style=\"color: #000000;\" href=\"https:\/\/stock.adobe.com\/de\/\" data-t=\"stock-logo-link\" aria-label=\"Stock-Homepage\"><img class=\"lazyload\" decoding=\"async\" src=\"data:image\/gif;base64,R0lGODlhAQABAAAAACH5BAEKAAEALAAAAAABAAEAAAICTAEAOw==\" data-orig-src=\"https:\/\/as.ftcdn.net\/r\/v1\/pics\/970799db9780bab7bdc963d283ff64ee812913ca\/all\/default\/stock_logo_2020_white.svg\" alt=\"\" width=\"170\" data-t=\"stock-logo\" data-ingest-clicktype=\"stock-logo\" \/><\/a><\/span><\/p>\n<\/div><\/div><\/div><div class=\"fusion-layout-column fusion_builder_column fusion-builder-column-2 fusion_builder_column_1_2 1_2 fusion-flex-column fusion-animated\" style=\"--awb-padding-right:0%;--awb-bg-size:cover;--awb-width-large:50%;--awb-margin-top-large:0px;--awb-spacing-right-large:4.608%;--awb-margin-bottom-large:8%;--awb-spacing-left-large:3.84%;--awb-width-medium:100%;--awb-spacing-right-medium:1.92%;--awb-spacing-left-medium:1.92%;--awb-width-small:100%;--awb-spacing-right-small:1.92%;--awb-spacing-left-small:1.92%;\" data-animationType=\"fadeInUp\" data-animationDuration=\"1.0\" data-animationOffset=\"top-into-view\"><div class=\"fusion-column-wrapper fusion-column-has-shadow fusion-flex-justify-content-flex-start fusion-content-layout-column\"><div class=\"fusion-title title fusion-title-3 fusion-sep-none fusion-title-text fusion-title-size-three\" style=\"--awb-margin-bottom:2%;\"><h3 class=\"fusion-title-heading title-heading-left fusion-responsive-typography-calculated\" style=\"margin:0;--fontSize:36;line-height:1.3;\">Haftungsausschluss \u2013 Disclaimer:<\/h3><\/div><div class=\"fusion-text fusion-text-7\"><p style=\"text-align: left;\"><span style=\"color: #ffcc00;\"><strong>\/\/\/\/\/\/\/\/\/\/\/\/\/\/\/\/\/\/\/\/\/\/\/\/\/\/\/\/\/\/\/\/\/\/\/\/\/\/\/<\/strong><\/span><\/p>\n<\/div><div class=\"fusion-separator fusion-full-width-sep\" style=\"align-self: center;margin-left: auto;margin-right: auto;margin-bottom:7%;width:100%;\"><\/div><div class=\"fusion-text fusion-text-8\"><p><strong>Haftung f\u00fcr Inhalte<\/strong><\/p>\n<p>Alle Inhalte unseres Internetauftritts wurden mit gr\u00f6\u00dfter Sorgfalt und nach bestem Gewissen erstellt. F\u00fcr die Richtigkeit, Vollst\u00e4ndigkeit und Aktualit\u00e4t der Inhalte k\u00f6nnen wir jedoch keine Gew\u00e4hr \u00fcbernehmen. Als Diensteanbieter sind wir gem\u00e4\u00df Digitale-Dienste-Gesetz (DDG) f\u00fcr eigene Inhalte auf diesen Seiten nach den allgemeinen Gesetzen verantwortlich. Nach Digitale-Dienste-Gesetz (DDG) sind wir als Diensteanbieter jedoch nicht verpflichtet, \u00fcbermittelte oder gespeicherte fremde Informationen zu \u00fcberwachen oder nach Umst\u00e4nden zu forschen, die auf eine rechtswidrige T\u00e4tigkeit hinweisen. Verpflichtungen zur Entfernung oder Sperrung der Nutzung von Informationen nach den allgemeinen Gesetzen bleiben hiervon unber\u00fchrt.<\/p>\n<p>Eine diesbez\u00fcgliche Haftung ist jedoch erst ab dem Zeitpunkt der Kenntniserlangung einer konkreten Rechtsverletzung m\u00f6glich. Bei Bekanntwerden von den o.g. Rechtsverletzungen werden wir diese Inhalte unverz\u00fcglich entfernen.<\/p>\n<p><strong>Haftungsbeschr\u00e4nkung f\u00fcr externe Links<\/strong><\/p>\n<p>Unsere Webseite enth\u00e4lt Links auf externe Webseiten Dritter. Auf die Inhalte dieser direkt oder indirekt verlinkten Webseiten haben wir keinen Einfluss. Daher k\u00f6nnen wir f\u00fcr die \u201eexternen Links\u201c auch keine Gew\u00e4hr auf Richtigkeit der Inhalte \u00fcbernehmen. F\u00fcr die Inhalte der externen Links sind die jeweilige Anbieter oder Betreiber (Urheber) der Seiten verantwortlich.<\/p>\n<p>Die externen Links wurden zum Zeitpunkt der Linksetzung auf eventuelle Rechtsverst\u00f6\u00dfe \u00fcberpr\u00fcft und waren im Zeitpunkt der Linksetzung frei von rechtswidrigen Inhalten. Eine st\u00e4ndige inhaltliche \u00dcberpr\u00fcfung der externen Links ist ohne konkrete Anhaltspunkte einer Rechtsverletzung nicht m\u00f6glich. Bei direkten oder indirekten Verlinkungen auf die Webseiten Dritter, die au\u00dferhalb unseres Verantwortungsbereichs liegen, w\u00fcrde eine Haftungsverpflichtung ausschlie\u00dflich in dem Fall nur bestehen, wenn wir von den Inhalten Kenntnis erlangen und es uns technisch m\u00f6glich und zumutbar w\u00e4re, die Nutzung im Falle rechtswidriger Inhalte zu verhindern.<\/p>\n<p>Diese Haftungsausschlusserkl\u00e4rung gilt auch innerhalb des eigenen Internetauftrittes gesetzten Links und Verweise von Fragestellern, Blogeintr\u00e4gern, G\u00e4sten des Diskussionsforums. F\u00fcr illegale, fehlerhafte oder unvollst\u00e4ndige Inhalte und insbesondere f\u00fcr Sch\u00e4den, die aus der Nutzung oder Nichtnutzung solcherart dargestellten Informationen entstehen, haftet allein der Diensteanbieter der Seite, auf welche verwiesen wurde, nicht derjenige, der \u00fcber Links auf die jeweilige Ver\u00f6ffentlichung lediglich verweist.<\/p>\n<p>Werden uns Rechtsverletzungen bekannt, werden die externen Links durch uns unverz\u00fcglich entfernt.<\/p>\n<p><strong>Urheberrecht<\/strong><\/p>\n<p>Die auf unserer Webseite ver\u00f6ffentlichen Inhalte und Werke unterliegen dem deutschen Urheberrecht (<a href=\"http:\/\/www.gesetze-im-internet.de\/bundesrecht\/urhg\/gesamt.pdf\" target=\"_blank\" rel=\"noreferrer noopener\">http:\/\/www.gesetze-im-internet.de\/bundesrecht\/urhg\/gesamt.pdf<\/a>) . Die Vervielf\u00e4ltigung, Bearbeitung, Verbreitung und jede Art der Verwertung des geistigen Eigentums in ideeller und materieller Sicht des Urhebers au\u00dferhalb der Grenzen des Urheberrechtes bed\u00fcrfen der vorherigen schriftlichen Zustimmung des jeweiligen Urhebers i.S.d. Urhebergesetzes (<a href=\"http:\/\/www.gesetze-im-internet.de\/bundesrecht\/urhg\/gesamt.pdf\" target=\"_blank\" rel=\"noreferrer noopener\">http:\/\/www.gesetze-im-internet.de\/bundesrecht\/urhg\/gesamt.pdf<\/a> ). Downloads und Kopien dieser Seite sind nur f\u00fcr den privaten und nicht kommerziellen Gebrauch erlaubt. Sind die Inhalte auf unserer Webseite nicht von uns erstellt wurden, sind die Urheberrechte Dritter zu beachten. Die Inhalte Dritter werden als solche kenntlich gemacht. Sollten Sie trotzdem auf eine Urheberrechtsverletzung aufmerksam werden, bitten wir um einen entsprechenden Hinweis. Bei Bekanntwerden von Rechtsverletzungen werden wir derartige Inhalte unverz\u00fcglich entfernen.<\/p>\n<\/div><div class=\"fusion-separator fusion-full-width-sep\" style=\"align-self: center;margin-left: auto;margin-right: auto;margin-bottom:5%;width:100%;\"><\/div><\/div><\/div><\/div><\/div>\n","protected":false},"excerpt":{"rendered":"","protected":false},"author":1,"featured_media":157,"parent":0,"menu_order":0,"comment_status":"closed","ping_status":"closed","template":"100-width.php","meta":{"inline_featured_image":false,"footnotes":""},"class_list":["post-43","page","type-page","status-publish","has-post-thumbnail","hentry"],"yoast_head":"<!-- This site is optimized with the Yoast SEO plugin v23.6 - https:\/\/yoast.com\/wordpress\/plugins\/seo\/ -->\n<title>Impressum - TK Handwerksleistungen GmbH<\/title>\n<meta name=\"robots\" content=\"index, follow, max-snippet:-1, max-image-preview:large, max-video-preview:-1\" \/>\n<link rel=\"canonical\" href=\"https:\/\/firmen.thelen-gruppe.com\/tkh\/impressum\/\" \/>\n<meta property=\"og:locale\" content=\"de_DE\" \/>\n<meta property=\"og:type\" content=\"article\" \/>\n<meta property=\"og:title\" content=\"Impressum - TK Handwerksleistungen GmbH\" \/>\n<meta property=\"og:url\" content=\"https:\/\/firmen.thelen-gruppe.com\/tkh\/impressum\/\" \/>\n<meta property=\"og:site_name\" content=\"TK Handwerksleistungen GmbH\" \/>\n<meta property=\"article:modified_time\" content=\"2024-06-19T07:15:35+00:00\" \/>\n<meta property=\"og:image\" content=\"https:\/\/firmen.thelen-gruppe.com\/tkh\/wp-content\/uploads\/sites\/3\/2022\/02\/AdobeStock_254022179_klein.jpg\" \/>\n\t<meta property=\"og:image:width\" content=\"1464\" \/>\n\t<meta property=\"og:image:height\" content=\"636\" \/>\n\t<meta property=\"og:image:type\" content=\"image\/jpeg\" \/>\n<meta name=\"twitter:card\" content=\"summary_large_image\" \/>\n<meta name=\"twitter:label1\" content=\"Gesch\u00e4tzte Lesezeit\" \/>\n\t<meta name=\"twitter:data1\" content=\"4\u00a0Minuten\" \/>\n<script type=\"application\/ld+json\" class=\"yoast-schema-graph\">{\"@context\":\"https:\/\/schema.org\",\"@graph\":[{\"@type\":\"WebPage\",\"@id\":\"https:\/\/firmen.thelen-gruppe.com\/tkh\/impressum\/\",\"url\":\"https:\/\/firmen.thelen-gruppe.com\/tkh\/impressum\/\",\"name\":\"Impressum - TK Handwerksleistungen GmbH\",\"isPartOf\":{\"@id\":\"https:\/\/firmen.thelen-gruppe.com\/tkh\/#website\"},\"primaryImageOfPage\":{\"@id\":\"https:\/\/firmen.thelen-gruppe.com\/tkh\/impressum\/#primaryimage\"},\"image\":{\"@id\":\"https:\/\/firmen.thelen-gruppe.com\/tkh\/impressum\/#primaryimage\"},\"thumbnailUrl\":\"https:\/\/firmen.thelen-gruppe.com\/tkh\/wp-content\/uploads\/sites\/3\/2022\/02\/AdobeStock_254022179_klein.jpg\",\"datePublished\":\"2022-01-19T11:46:53+00:00\",\"dateModified\":\"2024-06-19T07:15:35+00:00\",\"breadcrumb\":{\"@id\":\"https:\/\/firmen.thelen-gruppe.com\/tkh\/impressum\/#breadcrumb\"},\"inLanguage\":\"de\",\"potentialAction\":[{\"@type\":\"ReadAction\",\"target\":[\"https:\/\/firmen.thelen-gruppe.com\/tkh\/impressum\/\"]}]},{\"@type\":\"ImageObject\",\"inLanguage\":\"de\",\"@id\":\"https:\/\/firmen.thelen-gruppe.com\/tkh\/impressum\/#primaryimage\",\"url\":\"https:\/\/firmen.thelen-gruppe.com\/tkh\/wp-content\/uploads\/sites\/3\/2022\/02\/AdobeStock_254022179_klein.jpg\",\"contentUrl\":\"https:\/\/firmen.thelen-gruppe.com\/tkh\/wp-content\/uploads\/sites\/3\/2022\/02\/AdobeStock_254022179_klein.jpg\",\"width\":1464,\"height\":636},{\"@type\":\"BreadcrumbList\",\"@id\":\"https:\/\/firmen.thelen-gruppe.com\/tkh\/impressum\/#breadcrumb\",\"itemListElement\":[{\"@type\":\"ListItem\",\"position\":1,\"name\":\"Startseite\",\"item\":\"https:\/\/firmen.thelen-gruppe.com\/tkh\/\"},{\"@type\":\"ListItem\",\"position\":2,\"name\":\"Impressum\"}]},{\"@type\":\"WebSite\",\"@id\":\"https:\/\/firmen.thelen-gruppe.com\/tkh\/#website\",\"url\":\"https:\/\/firmen.thelen-gruppe.com\/tkh\/\",\"name\":\"TK Handwerksleistungen GmbH\",\"description\":\"Bau Ausbau Inneneinrichtung\",\"publisher\":{\"@id\":\"https:\/\/firmen.thelen-gruppe.com\/tkh\/#organization\"},\"potentialAction\":[{\"@type\":\"SearchAction\",\"target\":{\"@type\":\"EntryPoint\",\"urlTemplate\":\"https:\/\/firmen.thelen-gruppe.com\/tkh\/?s={search_term_string}\"},\"query-input\":{\"@type\":\"PropertyValueSpecification\",\"valueRequired\":true,\"valueName\":\"search_term_string\"}}],\"inLanguage\":\"de\"},{\"@type\":\"Organization\",\"@id\":\"https:\/\/firmen.thelen-gruppe.com\/tkh\/#organization\",\"name\":\"TK Handwerksleistungen GmbH\",\"url\":\"https:\/\/firmen.thelen-gruppe.com\/tkh\/\",\"logo\":{\"@type\":\"ImageObject\",\"inLanguage\":\"de\",\"@id\":\"https:\/\/firmen.thelen-gruppe.com\/tkh\/#\/schema\/logo\/image\/\",\"url\":\"https:\/\/firmen.thelen-gruppe.com\/tkh\/wp-content\/uploads\/sites\/3\/2022\/01\/tk-handwerksleistungen.svg\",\"contentUrl\":\"https:\/\/firmen.thelen-gruppe.com\/tkh\/wp-content\/uploads\/sites\/3\/2022\/01\/tk-handwerksleistungen.svg\",\"width\":\"1024\",\"height\":\"1024\",\"caption\":\"TK Handwerksleistungen GmbH\"},\"image\":{\"@id\":\"https:\/\/firmen.thelen-gruppe.com\/tkh\/#\/schema\/logo\/image\/\"}}]}<\/script>\n<!-- \/ Yoast SEO plugin. -->","yoast_head_json":{"title":"Impressum - TK Handwerksleistungen GmbH","robots":{"index":"index","follow":"follow","max-snippet":"max-snippet:-1","max-image-preview":"max-image-preview:large","max-video-preview":"max-video-preview:-1"},"canonical":"https:\/\/firmen.thelen-gruppe.com\/tkh\/impressum\/","og_locale":"de_DE","og_type":"article","og_title":"Impressum - TK Handwerksleistungen GmbH","og_url":"https:\/\/firmen.thelen-gruppe.com\/tkh\/impressum\/","og_site_name":"TK Handwerksleistungen GmbH","article_modified_time":"2024-06-19T07:15:35+00:00","og_image":[{"width":1464,"height":636,"url":"https:\/\/firmen.thelen-gruppe.com\/tkh\/wp-content\/uploads\/sites\/3\/2022\/02\/AdobeStock_254022179_klein.jpg","type":"image\/jpeg"}],"twitter_card":"summary_large_image","twitter_misc":{"Gesch\u00e4tzte Lesezeit":"4\u00a0Minuten"},"schema":{"@context":"https:\/\/schema.org","@graph":[{"@type":"WebPage","@id":"https:\/\/firmen.thelen-gruppe.com\/tkh\/impressum\/","url":"https:\/\/firmen.thelen-gruppe.com\/tkh\/impressum\/","name":"Impressum - TK Handwerksleistungen GmbH","isPartOf":{"@id":"https:\/\/firmen.thelen-gruppe.com\/tkh\/#website"},"primaryImageOfPage":{"@id":"https:\/\/firmen.thelen-gruppe.com\/tkh\/impressum\/#primaryimage"},"image":{"@id":"https:\/\/firmen.thelen-gruppe.com\/tkh\/impressum\/#primaryimage"},"thumbnailUrl":"https:\/\/firmen.thelen-gruppe.com\/tkh\/wp-content\/uploads\/sites\/3\/2022\/02\/AdobeStock_254022179_klein.jpg","datePublished":"2022-01-19T11:46:53+00:00","dateModified":"2024-06-19T07:15:35+00:00","breadcrumb":{"@id":"https:\/\/firmen.thelen-gruppe.com\/tkh\/impressum\/#breadcrumb"},"inLanguage":"de","potentialAction":[{"@type":"ReadAction","target":["https:\/\/firmen.thelen-gruppe.com\/tkh\/impressum\/"]}]},{"@type":"ImageObject","inLanguage":"de","@id":"https:\/\/firmen.thelen-gruppe.com\/tkh\/impressum\/#primaryimage","url":"https:\/\/firmen.thelen-gruppe.com\/tkh\/wp-content\/uploads\/sites\/3\/2022\/02\/AdobeStock_254022179_klein.jpg","contentUrl":"https:\/\/firmen.thelen-gruppe.com\/tkh\/wp-content\/uploads\/sites\/3\/2022\/02\/AdobeStock_254022179_klein.jpg","width":1464,"height":636},{"@type":"BreadcrumbList","@id":"https:\/\/firmen.thelen-gruppe.com\/tkh\/impressum\/#breadcrumb","itemListElement":[{"@type":"ListItem","position":1,"name":"Startseite","item":"https:\/\/firmen.thelen-gruppe.com\/tkh\/"},{"@type":"ListItem","position":2,"name":"Impressum"}]},{"@type":"WebSite","@id":"https:\/\/firmen.thelen-gruppe.com\/tkh\/#website","url":"https:\/\/firmen.thelen-gruppe.com\/tkh\/","name":"TK Handwerksleistungen GmbH","description":"Bau Ausbau Inneneinrichtung","publisher":{"@id":"https:\/\/firmen.thelen-gruppe.com\/tkh\/#organization"},"potentialAction":[{"@type":"SearchAction","target":{"@type":"EntryPoint","urlTemplate":"https:\/\/firmen.thelen-gruppe.com\/tkh\/?s={search_term_string}"},"query-input":{"@type":"PropertyValueSpecification","valueRequired":true,"valueName":"search_term_string"}}],"inLanguage":"de"},{"@type":"Organization","@id":"https:\/\/firmen.thelen-gruppe.com\/tkh\/#organization","name":"TK Handwerksleistungen GmbH","url":"https:\/\/firmen.thelen-gruppe.com\/tkh\/","logo":{"@type":"ImageObject","inLanguage":"de","@id":"https:\/\/firmen.thelen-gruppe.com\/tkh\/#\/schema\/logo\/image\/","url":"https:\/\/firmen.thelen-gruppe.com\/tkh\/wp-content\/uploads\/sites\/3\/2022\/01\/tk-handwerksleistungen.svg","contentUrl":"https:\/\/firmen.thelen-gruppe.com\/tkh\/wp-content\/uploads\/sites\/3\/2022\/01\/tk-handwerksleistungen.svg","width":"1024","height":"1024","caption":"TK Handwerksleistungen GmbH"},"image":{"@id":"https:\/\/firmen.thelen-gruppe.com\/tkh\/#\/schema\/logo\/image\/"}}]}},"_links":{"self":[{"href":"https:\/\/firmen.thelen-gruppe.com\/tkh\/wp-json\/wp\/v2\/pages\/43","targetHints":{"allow":["GET"]}}],"collection":[{"href":"https:\/\/firmen.thelen-gruppe.com\/tkh\/wp-json\/wp\/v2\/pages"}],"about":[{"href":"https:\/\/firmen.thelen-gruppe.com\/tkh\/wp-json\/wp\/v2\/types\/page"}],"author":[{"embeddable":true,"href":"https:\/\/firmen.thelen-gruppe.com\/tkh\/wp-json\/wp\/v2\/users\/1"}],"replies":[{"embeddable":true,"href":"https:\/\/firmen.thelen-gruppe.com\/tkh\/wp-json\/wp\/v2\/comments?post=43"}],"version-history":[{"count":5,"href":"https:\/\/firmen.thelen-gruppe.com\/tkh\/wp-json\/wp\/v2\/pages\/43\/revisions"}],"predecessor-version":[{"id":180,"href":"https:\/\/firmen.thelen-gruppe.com\/tkh\/wp-json\/wp\/v2\/pages\/43\/revisions\/180"}],"wp:featuredmedia":[{"embeddable":true,"href":"https:\/\/firmen.thelen-gruppe.com\/tkh\/wp-json\/wp\/v2\/media\/157"}],"wp:attachment":[{"href":"https:\/\/firmen.thelen-gruppe.com\/tkh\/wp-json\/wp\/v2\/media?parent=43"}],"curies":[{"name":"wp","href":"https:\/\/api.w.org\/{rel}","templated":true}]}}