{"id":44,"date":"2022-01-19T11:57:55","date_gmt":"2022-01-19T10:57:55","guid":{"rendered":"https:\/\/firmen.thelen-gruppe.com\/tkh\/?page_id=44"},"modified":"2022-02-18T12:39:02","modified_gmt":"2022-02-18T11:39:02","slug":"leistungen","status":"publish","type":"page","link":"https:\/\/firmen.thelen-gruppe.com\/tkh\/leistungen\/","title":{"rendered":"Leistungen"},"content":{"rendered":"<p><div class=\"fusion-fullwidth fullwidth-box fusion-builder-row-1 fusion-flex-container nonhundred-percent-fullwidth non-hundred-percent-height-scrolling\" style=\"--awb-border-radius-top-left:0px;--awb-border-radius-top-right:0px;--awb-border-radius-bottom-right:0px;--awb-border-radius-bottom-left:0px;--awb-padding-bottom:1%;--awb-flex-wrap:wrap;\" ><div class=\"fusion-builder-row fusion-row fusion-flex-align-items-flex-start fusion-flex-content-wrap\" style=\"max-width:1248px;margin-left: calc(-4% \/ 2 );margin-right: calc(-4% \/ 2 );\"><div class=\"fusion-layout-column fusion_builder_column fusion-builder-column-0 fusion_builder_column_1_6 1_6 fusion-flex-column fusion-animated\" style=\"--awb-padding-right:6%;--awb-padding-left:6%;--awb-bg-size:cover;--awb-width-large:16.666666666667%;--awb-margin-top-large:0px;--awb-spacing-right-large:11.52%;--awb-margin-bottom-large:8%;--awb-spacing-left-large:11.52%;--awb-width-medium:100%;--awb-spacing-right-medium:1.92%;--awb-spacing-left-medium:1.92%;--awb-width-small:100%;--awb-spacing-right-small:1.92%;--awb-spacing-left-small:1.92%;\" data-animationType=\"fadeInUp\" data-animationDuration=\"0.6\" data-animationOffset=\"top-into-view\"><div class=\"fusion-column-wrapper fusion-column-has-shadow fusion-flex-justify-content-flex-start fusion-content-layout-column\"><div class=\"fusion-separator fusion-no-large-visibility fusion-full-width-sep\" style=\"align-self: center;margin-left: auto;margin-right: auto;margin-bottom:8%;width:100%;\"><\/div><\/div><\/div><div class=\"fusion-layout-column fusion_builder_column fusion-builder-column-1 fusion_builder_column_2_3 2_3 fusion-flex-column fusion-animated\" style=\"--awb-padding-right:6%;--awb-padding-left:6%;--awb-bg-size:cover;--awb-width-large:66.666666666667%;--awb-margin-top-large:0px;--awb-spacing-right-large:2.88%;--awb-margin-bottom-large:8%;--awb-spacing-left-large:2.88%;--awb-width-medium:100%;--awb-spacing-right-medium:1.92%;--awb-spacing-left-medium:1.92%;--awb-width-small:100%;--awb-spacing-right-small:1.92%;--awb-spacing-left-small:1.92%;\" data-animationType=\"fadeInUp\" data-animationDuration=\"0.8\" data-animationOffset=\"top-into-view\"><div class=\"fusion-column-wrapper fusion-column-has-shadow fusion-flex-justify-content-flex-start fusion-content-layout-column\"><i class=\"fb-icon-element-1 fb-icon-element fontawesome-icon restaurant-sushi-7 circle-no\" style=\"--awb-iconcolor:#b7b7b7;--awb-iconcolor-hover:#b7b7b7;--awb-font-size:96px;--awb-align-self:center;--awb-margin-top:0px;--awb-margin-right:0px;--awb-margin-bottom:7%;--awb-margin-left:0px;\"><\/i><div class=\"fusion-title title fusion-title-1 fusion-sep-none fusion-title-center fusion-title-text fusion-title-size-two\" style=\"--awb-margin-bottom:6%;--awb-font-size:50px;\"><h2 class=\"fusion-title-heading title-heading-center fusion-responsive-typography-calculated\" style=\"margin:0;font-size:1em;--fontSize:50;line-height:1;\"><p style=\"text-align: left\">Bau \u2219 Ausbau \u2219 Umbau<\/p><\/h2><\/div><div class=\"fusion-text fusion-text-1\"><p style=\"text-align: left\"><strong>Hochwertige Produkte und Leistungen f\u00fcr den gesamten Innenausbau.<\/strong><\/p>\n<\/div><div class=\"fusion-text fusion-text-2\"><p style=\"text-align: left\"><span style=\"color: #ffcc00\"><strong>\/\/\/\/\/\/\/\/\/\/\/\/\/\/\/\/\/\/\/\/\/\/\/\/\/\/\/\/\/\/\/\/\/\/\/\/\/\/\/<\/strong><\/span><\/p>\n<\/div><div class=\"fusion-separator\" style=\"align-self: center;margin-left: auto;margin-right: auto;margin-bottom:3%;width:100%;max-width:65px;\"><\/div><div class=\"fusion-text fusion-text-3\"><p style=\"text-align: left\">Ma\u00dfgeschneiderte Boden-, Wand- und Deckensysteme lassen viel Spielraum f\u00fcr individuelle Raumgestaltung und<br \/>\nerf\u00fcllen h\u00f6chste Anforderungen an Brand- Schall- und W\u00e4rmeschutz.<\/p>\n<\/div><div class=\"fusion-separator\" style=\"align-self: center;margin-left: auto;margin-right: auto;margin-bottom:3%;width:100%;max-width:65px;\"><\/div><ul style=\"--awb-size:18px;--awb-line-height:30.6px;--awb-icon-width:30.6px;--awb-icon-height:30.6px;--awb-icon-margin:12.6px;--awb-content-margin:43.2px;\" class=\"fusion-checklist fusion-checklist-1 fusion-checklist-default type-icons\"><li class=\"fusion-li-item\" style=\"\"><span class=\"icon-wrapper circle-no\"><i class=\"fusion-li-icon fa-square-full fas\" aria-hidden=\"true\"><\/i><\/span><div class=\"fusion-li-item-content\">\n<p style=\"text-align: left\">Decken-, Wand- und Bodengestaltung<\/p>\n<\/div><\/li><li class=\"fusion-li-item\" style=\"\"><span class=\"icon-wrapper circle-no\"><i class=\"fusion-li-icon fa-square-full fas\" aria-hidden=\"true\"><\/i><\/span><div class=\"fusion-li-item-content\">\n<p style=\"text-align: left\">Trockenbau<\/p>\n<\/div><\/li><li class=\"fusion-li-item\" style=\"\"><span class=\"icon-wrapper circle-no\"><i class=\"fusion-li-icon fa-square-full fas\" aria-hidden=\"true\"><\/i><\/span><div class=\"fusion-li-item-content\">\n<p style=\"text-align: left\">Fertigbauteile<\/p>\n<\/div><\/li><li class=\"fusion-li-item\" style=\"\"><span class=\"icon-wrapper circle-no\"><i class=\"fusion-li-icon fa-square-full fas\" aria-hidden=\"true\"><\/i><\/span><div class=\"fusion-li-item-content\">\n<p style=\"text-align: left\">Sonderl\u00f6sungen<\/p>\n<\/div><\/li><li class=\"fusion-li-item\" style=\"\"><span class=\"icon-wrapper circle-no\"><i class=\"fusion-li-icon fa-square-full fas\" aria-hidden=\"true\"><\/i><\/span><div class=\"fusion-li-item-content\">\n<p style=\"text-align: left\">Baulicher Brandschutz<\/p>\n<\/div><\/li><\/ul><\/div><\/div><\/div><\/div><div class=\"fusion-fullwidth fullwidth-box fusion-builder-row-2 fusion-flex-container nonhundred-percent-fullwidth non-hundred-percent-height-scrolling\" style=\"--awb-border-radius-top-left:0px;--awb-border-radius-top-right:0px;--awb-border-radius-bottom-right:0px;--awb-border-radius-bottom-left:0px;--awb-padding-bottom:1%;--awb-background-color:#dddddd;--awb-flex-wrap:wrap;\" ><div class=\"fusion-builder-row fusion-row fusion-flex-align-items-flex-start fusion-flex-content-wrap\" style=\"max-width:1248px;margin-left: calc(-4% \/ 2 );margin-right: calc(-4% \/ 2 );\"><div class=\"fusion-layout-column fusion_builder_column fusion-builder-column-2 fusion_builder_column_1_6 1_6 fusion-flex-column fusion-animated\" style=\"--awb-padding-right:6%;--awb-padding-left:6%;--awb-bg-size:cover;--awb-width-large:16.666666666667%;--awb-margin-top-large:0px;--awb-spacing-right-large:11.52%;--awb-margin-bottom-large:8%;--awb-spacing-left-large:11.52%;--awb-width-medium:100%;--awb-spacing-right-medium:1.92%;--awb-spacing-left-medium:1.92%;--awb-width-small:100%;--awb-spacing-right-small:1.92%;--awb-spacing-left-small:1.92%;\" data-animationType=\"fadeInUp\" data-animationDuration=\"0.6\" data-animationOffset=\"top-into-view\"><div class=\"fusion-column-wrapper fusion-column-has-shadow fusion-flex-justify-content-flex-start fusion-content-layout-column\"><div class=\"fusion-separator fusion-no-large-visibility fusion-full-width-sep\" style=\"align-self: center;margin-left: auto;margin-right: auto;margin-bottom:8%;width:100%;\"><\/div><\/div><\/div><div class=\"fusion-layout-column fusion_builder_column fusion-builder-column-3 fusion_builder_column_2_3 2_3 fusion-flex-column fusion-animated\" style=\"--awb-padding-right:6%;--awb-padding-left:6%;--awb-bg-size:cover;--awb-width-large:66.666666666667%;--awb-margin-top-large:0px;--awb-spacing-right-large:2.88%;--awb-margin-bottom-large:8%;--awb-spacing-left-large:2.88%;--awb-width-medium:100%;--awb-spacing-right-medium:1.92%;--awb-spacing-left-medium:1.92%;--awb-width-small:100%;--awb-spacing-right-small:1.92%;--awb-spacing-left-small:1.92%;\" data-animationType=\"fadeInUp\" data-animationDuration=\"0.8\" data-animationOffset=\"top-into-view\"><div class=\"fusion-column-wrapper fusion-column-has-shadow fusion-flex-justify-content-flex-start fusion-content-layout-column\"><i class=\"fb-icon-element-2 fb-icon-element fontawesome-icon restaurant-sushi-7 circle-no\" style=\"--awb-iconcolor:#b7b7b7;--awb-iconcolor-hover:#b7b7b7;--awb-font-size:96px;--awb-align-self:center;--awb-margin-top:0px;--awb-margin-right:0px;--awb-margin-bottom:7%;--awb-margin-left:0px;\"><\/i><div class=\"fusion-title title fusion-title-2 fusion-sep-none fusion-title-center fusion-title-text fusion-title-size-two\" style=\"--awb-margin-bottom:6%;--awb-font-size:50px;\"><h2 class=\"fusion-title-heading title-heading-center fusion-responsive-typography-calculated\" style=\"margin:0;font-size:1em;--fontSize:50;line-height:1;\"><p style=\"text-align: left\">Objekt- und Inneneinrichtung<\/p><\/h2><\/div><div class=\"fusion-text fusion-text-4\"><p style=\"text-align: left\"><strong>Wir sind Ihr richtiger Partner.<\/strong><\/p>\n<\/div><div class=\"fusion-text fusion-text-5\"><p style=\"text-align: left\"><span style=\"color: #ffcc00\"><strong>\/\/\/\/\/\/\/\/\/\/\/\/\/\/\/\/\/\/\/\/\/\/\/\/\/\/\/\/\/\/\/\/\/\/\/\/\/\/\/<\/strong><\/span><\/p>\n<\/div><div class=\"fusion-separator\" style=\"align-self: center;margin-left: auto;margin-right: auto;margin-bottom:3%;width:100%;max-width:65px;\"><\/div><div class=\"fusion-text fusion-text-6\"><p style=\"text-align: left\">Unser Kompetenzteam aus erfahrenen Mitarbeitern plant, liefert und montiert individuell nach Ihren Kundenw\u00fcnschen.<br \/>\nMit Unterst\u00fctzung unserer Partner streben wir nach einer vollkommenen Zufriedenheit unserer Kunden.<\/p>\n<\/div><div class=\"fusion-separator\" style=\"align-self: center;margin-left: auto;margin-right: auto;margin-bottom:3%;width:100%;max-width:65px;\"><\/div><ul style=\"--awb-size:18px;--awb-line-height:30.6px;--awb-icon-width:30.6px;--awb-icon-height:30.6px;--awb-icon-margin:12.6px;--awb-content-margin:43.2px;\" class=\"fusion-checklist fusion-checklist-2 fusion-checklist-default type-icons\"><li class=\"fusion-li-item\" style=\"\"><span class=\"icon-wrapper circle-no\"><i class=\"fusion-li-icon fa-square-full fas\" aria-hidden=\"true\"><\/i><\/span><div class=\"fusion-li-item-content\">\n<p style=\"text-align: left\">Einrichtungen<\/p>\n<\/div><\/li><li class=\"fusion-li-item\" style=\"\"><span class=\"icon-wrapper circle-no\"><i class=\"fusion-li-icon fa-square-full fas\" aria-hidden=\"true\"><\/i><\/span><div class=\"fusion-li-item-content\">\n<p style=\"text-align: left\">Konzeptentwicklung<\/p>\n<\/div><\/li><\/ul><\/div><\/div><\/div><\/div><div class=\"fusion-fullwidth fullwidth-box fusion-builder-row-3 fusion-flex-container nonhundred-percent-fullwidth non-hundred-percent-height-scrolling\" style=\"--awb-border-radius-top-left:0px;--awb-border-radius-top-right:0px;--awb-border-radius-bottom-right:0px;--awb-border-radius-bottom-left:0px;--awb-padding-bottom:1%;--awb-background-color:#999999;--awb-flex-wrap:wrap;\" ><div class=\"fusion-builder-row fusion-row fusion-flex-align-items-flex-start fusion-flex-content-wrap\" style=\"max-width:1248px;margin-left: calc(-4% \/ 2 );margin-right: calc(-4% \/ 2 );\"><div class=\"fusion-layout-column fusion_builder_column fusion-builder-column-4 fusion_builder_column_1_6 1_6 fusion-flex-column fusion-animated\" style=\"--awb-padding-right:6%;--awb-padding-left:6%;--awb-bg-size:cover;--awb-width-large:16.666666666667%;--awb-margin-top-large:0px;--awb-spacing-right-large:11.52%;--awb-margin-bottom-large:8%;--awb-spacing-left-large:11.52%;--awb-width-medium:100%;--awb-spacing-right-medium:1.92%;--awb-spacing-left-medium:1.92%;--awb-width-small:100%;--awb-spacing-right-small:1.92%;--awb-spacing-left-small:1.92%;\" data-animationType=\"fadeInUp\" data-animationDuration=\"0.6\" data-animationOffset=\"top-into-view\"><div class=\"fusion-column-wrapper fusion-column-has-shadow fusion-flex-justify-content-flex-start fusion-content-layout-column\"><div class=\"fusion-separator fusion-no-large-visibility fusion-full-width-sep\" style=\"align-self: center;margin-left: auto;margin-right: auto;margin-bottom:8%;width:100%;\"><\/div><\/div><\/div><div class=\"fusion-layout-column fusion_builder_column fusion-builder-column-5 fusion_builder_column_2_3 2_3 fusion-flex-column fusion-animated\" style=\"--awb-padding-right:6%;--awb-padding-left:6%;--awb-bg-size:cover;--awb-width-large:66.666666666667%;--awb-margin-top-large:0px;--awb-spacing-right-large:2.88%;--awb-margin-bottom-large:8%;--awb-spacing-left-large:2.88%;--awb-width-medium:100%;--awb-spacing-right-medium:1.92%;--awb-spacing-left-medium:1.92%;--awb-width-small:100%;--awb-spacing-right-small:1.92%;--awb-spacing-left-small:1.92%;\" data-animationType=\"fadeInUp\" data-animationDuration=\"0.8\" data-animationOffset=\"top-into-view\"><div class=\"fusion-column-wrapper fusion-column-has-shadow fusion-flex-justify-content-flex-start fusion-content-layout-column\"><i class=\"fb-icon-element-3 fb-icon-element fontawesome-icon restaurant-sushi-7 circle-no\" style=\"--awb-iconcolor:#b7b7b7;--awb-iconcolor-hover:#b7b7b7;--awb-font-size:96px;--awb-align-self:center;--awb-margin-top:0px;--awb-margin-right:0px;--awb-margin-bottom:7%;--awb-margin-left:0px;\"><\/i><div class=\"fusion-title title fusion-title-3 fusion-sep-none fusion-title-center fusion-title-text fusion-title-size-two\" style=\"--awb-margin-bottom:6%;--awb-font-size:50px;\"><h2 class=\"fusion-title-heading title-heading-center fusion-responsive-typography-calculated\" style=\"margin:0;font-size:1em;--fontSize:50;line-height:1;\"><p style=\"text-align: left\"><span style=\"color: #ffffff\">Planung und Ausf\u00fchrung<\/span><\/p><\/h2><\/div><div class=\"fusion-text fusion-text-7\"><p style=\"text-align: left\"><span style=\"color: #ffffff\"><strong>Individuell nach Ihren W\u00fcnschen.<\/strong><\/span><\/p>\n<\/div><div class=\"fusion-text fusion-text-8\"><p style=\"text-align: left\"><span style=\"color: #ffcc00\"><strong>\/\/\/\/\/\/\/\/\/\/\/\/\/\/\/\/\/\/\/\/\/\/\/\/\/\/\/\/\/\/\/\/\/\/\/\/\/\/\/<\/strong><\/span><\/p>\n<\/div><div class=\"fusion-separator\" style=\"align-self: center;margin-left: auto;margin-right: auto;margin-bottom:3%;width:100%;max-width:65px;\"><\/div><div class=\"fusion-text fusion-text-9\"><p style=\"text-align: left\"><span style=\"color: #ffffff\">Unsere qualifizierten Mitarbeiter entwickeln und realisieren f\u00fcr Sie individuelle Konzepte und L\u00f6sungen<\/span><span style=\"color: #ffffff\">\u2013 kreativ und zuverl\u00e4ssig.<\/span><br \/>\n<span style=\"color: #ffffff\">Durch unsere langj\u00e4hrige Erfahrung und fachliche Kompetenz k\u00f6nnen wir alle Schritte<\/span><span style=\"color: #ffffff\">\u2013 von der Projektentwicklung bis zum Projektabschluss- aus einer Hand anbieten.<\/span><\/p>\n<\/div><div class=\"fusion-separator\" style=\"align-self: center;margin-left: auto;margin-right: auto;margin-bottom:3%;width:100%;max-width:65px;\"><\/div><ul style=\"--awb-size:18px;--awb-iconcolor:#ffffff;--awb-line-height:30.6px;--awb-icon-width:30.6px;--awb-icon-height:30.6px;--awb-icon-margin:12.6px;--awb-content-margin:43.2px;\" class=\"fusion-checklist fusion-checklist-3 fusion-checklist-default type-icons\"><li class=\"fusion-li-item\" style=\"\"><span class=\"icon-wrapper circle-no\"><i class=\"fusion-li-icon fa-square-full fas\" aria-hidden=\"true\"><\/i><\/span><div class=\"fusion-li-item-content\">\n<p style=\"text-align: left\"><span style=\"color: #ffffff\">Projektentwicklung<\/span><\/p>\n<\/div><\/li><li class=\"fusion-li-item\" style=\"\"><span class=\"icon-wrapper circle-no\"><i class=\"fusion-li-icon fa-square-full fas\" aria-hidden=\"true\"><\/i><\/span><div class=\"fusion-li-item-content\">\n<p style=\"text-align: left\"><span style=\"color: #ffffff\">Terminplanung<\/span><\/p>\n<\/div><\/li><li class=\"fusion-li-item\" style=\"\"><span class=\"icon-wrapper circle-no\"><i class=\"fusion-li-icon fa-square-full fas\" aria-hidden=\"true\"><\/i><\/span><div class=\"fusion-li-item-content\">\n<p style=\"text-align: left\"><span style=\"color: #ffffff\">Ablauforganisation<\/span><\/p>\n<\/div><\/li><li class=\"fusion-li-item\" style=\"\"><span class=\"icon-wrapper circle-no\"><i class=\"fusion-li-icon fa-square-full fas\" aria-hidden=\"true\"><\/i><\/span><div class=\"fusion-li-item-content\">\n<p style=\"text-align: left\"><span style=\"color: #ffffff\">Ausf\u00fchrungs\u00fcberwachung<\/span><\/p>\n<\/div><\/li><li class=\"fusion-li-item\" style=\"\"><span class=\"icon-wrapper circle-no\"><i class=\"fusion-li-icon fa-square-full fas\" aria-hidden=\"true\"><\/i><\/span><div class=\"fusion-li-item-content\">\n<p style=\"text-align: left\"><span style=\"color: #ffffff\">Abnahme und \u00dcbergabe<\/span><\/p>\n<\/div><\/li><\/ul><\/div><\/div><\/div><\/div><\/p>\n","protected":false},"excerpt":{"rendered":"","protected":false},"author":1,"featured_media":151,"parent":0,"menu_order":0,"comment_status":"closed","ping_status":"open","template":"100-width.php","meta":{"inline_featured_image":false,"footnotes":""},"class_list":["post-44","page","type-page","status-publish","has-post-thumbnail","hentry"],"yoast_head":"<!-- This site is optimized with the Yoast SEO plugin v23.6 - https:\/\/yoast.com\/wordpress\/plugins\/seo\/ -->\n<title>Leistungen - TK Handwerksleistungen GmbH<\/title>\n<meta name=\"robots\" content=\"index, follow, max-snippet:-1, max-image-preview:large, max-video-preview:-1\" \/>\n<link rel=\"canonical\" href=\"https:\/\/firmen.thelen-gruppe.com\/tkh\/leistungen\/\" \/>\n<meta property=\"og:locale\" content=\"de_DE\" \/>\n<meta property=\"og:type\" content=\"article\" \/>\n<meta property=\"og:title\" content=\"Leistungen - TK Handwerksleistungen GmbH\" \/>\n<meta property=\"og:url\" content=\"https:\/\/firmen.thelen-gruppe.com\/tkh\/leistungen\/\" \/>\n<meta property=\"og:site_name\" content=\"TK Handwerksleistungen GmbH\" \/>\n<meta property=\"article:modified_time\" content=\"2022-02-18T11:39:02+00:00\" \/>\n<meta property=\"og:image\" content=\"https:\/\/firmen.thelen-gruppe.com\/tkh\/wp-content\/uploads\/sites\/3\/2022\/02\/AdobeStock_20-scaled-e1645184306635.jpeg\" \/>\n\t<meta property=\"og:image:width\" content=\"2560\" \/>\n\t<meta property=\"og:image:height\" content=\"854\" \/>\n\t<meta property=\"og:image:type\" content=\"image\/jpeg\" \/>\n<meta name=\"twitter:card\" content=\"summary_large_image\" \/>\n<meta name=\"twitter:label1\" content=\"Gesch\u00e4tzte Lesezeit\" \/>\n\t<meta name=\"twitter:data1\" content=\"9\u00a0Minuten\" \/>\n<script type=\"application\/ld+json\" class=\"yoast-schema-graph\">{\"@context\":\"https:\/\/schema.org\",\"@graph\":[{\"@type\":\"WebPage\",\"@id\":\"https:\/\/firmen.thelen-gruppe.com\/tkh\/leistungen\/\",\"url\":\"https:\/\/firmen.thelen-gruppe.com\/tkh\/leistungen\/\",\"name\":\"Leistungen - TK Handwerksleistungen GmbH\",\"isPartOf\":{\"@id\":\"https:\/\/firmen.thelen-gruppe.com\/tkh\/#website\"},\"primaryImageOfPage\":{\"@id\":\"https:\/\/firmen.thelen-gruppe.com\/tkh\/leistungen\/#primaryimage\"},\"image\":{\"@id\":\"https:\/\/firmen.thelen-gruppe.com\/tkh\/leistungen\/#primaryimage\"},\"thumbnailUrl\":\"https:\/\/firmen.thelen-gruppe.com\/tkh\/wp-content\/uploads\/sites\/3\/2022\/02\/AdobeStock_20-scaled-e1645184306635.jpeg\",\"datePublished\":\"2022-01-19T10:57:55+00:00\",\"dateModified\":\"2022-02-18T11:39:02+00:00\",\"breadcrumb\":{\"@id\":\"https:\/\/firmen.thelen-gruppe.com\/tkh\/leistungen\/#breadcrumb\"},\"inLanguage\":\"de\",\"potentialAction\":[{\"@type\":\"ReadAction\",\"target\":[\"https:\/\/firmen.thelen-gruppe.com\/tkh\/leistungen\/\"]}]},{\"@type\":\"ImageObject\",\"inLanguage\":\"de\",\"@id\":\"https:\/\/firmen.thelen-gruppe.com\/tkh\/leistungen\/#primaryimage\",\"url\":\"https:\/\/firmen.thelen-gruppe.com\/tkh\/wp-content\/uploads\/sites\/3\/2022\/02\/AdobeStock_20-scaled-e1645184306635.jpeg\",\"contentUrl\":\"https:\/\/firmen.thelen-gruppe.com\/tkh\/wp-content\/uploads\/sites\/3\/2022\/02\/AdobeStock_20-scaled-e1645184306635.jpeg\",\"width\":2560,\"height\":854},{\"@type\":\"BreadcrumbList\",\"@id\":\"https:\/\/firmen.thelen-gruppe.com\/tkh\/leistungen\/#breadcrumb\",\"itemListElement\":[{\"@type\":\"ListItem\",\"position\":1,\"name\":\"Startseite\",\"item\":\"https:\/\/firmen.thelen-gruppe.com\/tkh\/\"},{\"@type\":\"ListItem\",\"position\":2,\"name\":\"Leistungen\"}]},{\"@type\":\"WebSite\",\"@id\":\"https:\/\/firmen.thelen-gruppe.com\/tkh\/#website\",\"url\":\"https:\/\/firmen.thelen-gruppe.com\/tkh\/\",\"name\":\"TK Handwerksleistungen GmbH\",\"description\":\"Bau Ausbau Inneneinrichtung\",\"publisher\":{\"@id\":\"https:\/\/firmen.thelen-gruppe.com\/tkh\/#organization\"},\"potentialAction\":[{\"@type\":\"SearchAction\",\"target\":{\"@type\":\"EntryPoint\",\"urlTemplate\":\"https:\/\/firmen.thelen-gruppe.com\/tkh\/?s={search_term_string}\"},\"query-input\":{\"@type\":\"PropertyValueSpecification\",\"valueRequired\":true,\"valueName\":\"search_term_string\"}}],\"inLanguage\":\"de\"},{\"@type\":\"Organization\",\"@id\":\"https:\/\/firmen.thelen-gruppe.com\/tkh\/#organization\",\"name\":\"TK Handwerksleistungen GmbH\",\"url\":\"https:\/\/firmen.thelen-gruppe.com\/tkh\/\",\"logo\":{\"@type\":\"ImageObject\",\"inLanguage\":\"de\",\"@id\":\"https:\/\/firmen.thelen-gruppe.com\/tkh\/#\/schema\/logo\/image\/\",\"url\":\"https:\/\/firmen.thelen-gruppe.com\/tkh\/wp-content\/uploads\/sites\/3\/2022\/01\/tk-handwerksleistungen.svg\",\"contentUrl\":\"https:\/\/firmen.thelen-gruppe.com\/tkh\/wp-content\/uploads\/sites\/3\/2022\/01\/tk-handwerksleistungen.svg\",\"width\":\"1024\",\"height\":\"1024\",\"caption\":\"TK Handwerksleistungen GmbH\"},\"image\":{\"@id\":\"https:\/\/firmen.thelen-gruppe.com\/tkh\/#\/schema\/logo\/image\/\"}}]}<\/script>\n<!-- \/ Yoast SEO plugin. -->","yoast_head_json":{"title":"Leistungen - TK Handwerksleistungen GmbH","robots":{"index":"index","follow":"follow","max-snippet":"max-snippet:-1","max-image-preview":"max-image-preview:large","max-video-preview":"max-video-preview:-1"},"canonical":"https:\/\/firmen.thelen-gruppe.com\/tkh\/leistungen\/","og_locale":"de_DE","og_type":"article","og_title":"Leistungen - TK Handwerksleistungen GmbH","og_url":"https:\/\/firmen.thelen-gruppe.com\/tkh\/leistungen\/","og_site_name":"TK Handwerksleistungen GmbH","article_modified_time":"2022-02-18T11:39:02+00:00","og_image":[{"width":2560,"height":854,"url":"https:\/\/firmen.thelen-gruppe.com\/tkh\/wp-content\/uploads\/sites\/3\/2022\/02\/AdobeStock_20-scaled-e1645184306635.jpeg","type":"image\/jpeg"}],"twitter_card":"summary_large_image","twitter_misc":{"Gesch\u00e4tzte Lesezeit":"9\u00a0Minuten"},"schema":{"@context":"https:\/\/schema.org","@graph":[{"@type":"WebPage","@id":"https:\/\/firmen.thelen-gruppe.com\/tkh\/leistungen\/","url":"https:\/\/firmen.thelen-gruppe.com\/tkh\/leistungen\/","name":"Leistungen - TK Handwerksleistungen GmbH","isPartOf":{"@id":"https:\/\/firmen.thelen-gruppe.com\/tkh\/#website"},"primaryImageOfPage":{"@id":"https:\/\/firmen.thelen-gruppe.com\/tkh\/leistungen\/#primaryimage"},"image":{"@id":"https:\/\/firmen.thelen-gruppe.com\/tkh\/leistungen\/#primaryimage"},"thumbnailUrl":"https:\/\/firmen.thelen-gruppe.com\/tkh\/wp-content\/uploads\/sites\/3\/2022\/02\/AdobeStock_20-scaled-e1645184306635.jpeg","datePublished":"2022-01-19T10:57:55+00:00","dateModified":"2022-02-18T11:39:02+00:00","breadcrumb":{"@id":"https:\/\/firmen.thelen-gruppe.com\/tkh\/leistungen\/#breadcrumb"},"inLanguage":"de","potentialAction":[{"@type":"ReadAction","target":["https:\/\/firmen.thelen-gruppe.com\/tkh\/leistungen\/"]}]},{"@type":"ImageObject","inLanguage":"de","@id":"https:\/\/firmen.thelen-gruppe.com\/tkh\/leistungen\/#primaryimage","url":"https:\/\/firmen.thelen-gruppe.com\/tkh\/wp-content\/uploads\/sites\/3\/2022\/02\/AdobeStock_20-scaled-e1645184306635.jpeg","contentUrl":"https:\/\/firmen.thelen-gruppe.com\/tkh\/wp-content\/uploads\/sites\/3\/2022\/02\/AdobeStock_20-scaled-e1645184306635.jpeg","width":2560,"height":854},{"@type":"BreadcrumbList","@id":"https:\/\/firmen.thelen-gruppe.com\/tkh\/leistungen\/#breadcrumb","itemListElement":[{"@type":"ListItem","position":1,"name":"Startseite","item":"https:\/\/firmen.thelen-gruppe.com\/tkh\/"},{"@type":"ListItem","position":2,"name":"Leistungen"}]},{"@type":"WebSite","@id":"https:\/\/firmen.thelen-gruppe.com\/tkh\/#website","url":"https:\/\/firmen.thelen-gruppe.com\/tkh\/","name":"TK Handwerksleistungen GmbH","description":"Bau Ausbau Inneneinrichtung","publisher":{"@id":"https:\/\/firmen.thelen-gruppe.com\/tkh\/#organization"},"potentialAction":[{"@type":"SearchAction","target":{"@type":"EntryPoint","urlTemplate":"https:\/\/firmen.thelen-gruppe.com\/tkh\/?s={search_term_string}"},"query-input":{"@type":"PropertyValueSpecification","valueRequired":true,"valueName":"search_term_string"}}],"inLanguage":"de"},{"@type":"Organization","@id":"https:\/\/firmen.thelen-gruppe.com\/tkh\/#organization","name":"TK Handwerksleistungen GmbH","url":"https:\/\/firmen.thelen-gruppe.com\/tkh\/","logo":{"@type":"ImageObject","inLanguage":"de","@id":"https:\/\/firmen.thelen-gruppe.com\/tkh\/#\/schema\/logo\/image\/","url":"https:\/\/firmen.thelen-gruppe.com\/tkh\/wp-content\/uploads\/sites\/3\/2022\/01\/tk-handwerksleistungen.svg","contentUrl":"https:\/\/firmen.thelen-gruppe.com\/tkh\/wp-content\/uploads\/sites\/3\/2022\/01\/tk-handwerksleistungen.svg","width":"1024","height":"1024","caption":"TK Handwerksleistungen GmbH"},"image":{"@id":"https:\/\/firmen.thelen-gruppe.com\/tkh\/#\/schema\/logo\/image\/"}}]}},"_links":{"self":[{"href":"https:\/\/firmen.thelen-gruppe.com\/tkh\/wp-json\/wp\/v2\/pages\/44","targetHints":{"allow":["GET"]}}],"collection":[{"href":"https:\/\/firmen.thelen-gruppe.com\/tkh\/wp-json\/wp\/v2\/pages"}],"about":[{"href":"https:\/\/firmen.thelen-gruppe.com\/tkh\/wp-json\/wp\/v2\/types\/page"}],"author":[{"embeddable":true,"href":"https:\/\/firmen.thelen-gruppe.com\/tkh\/wp-json\/wp\/v2\/users\/1"}],"replies":[{"embeddable":true,"href":"https:\/\/firmen.thelen-gruppe.com\/tkh\/wp-json\/wp\/v2\/comments?post=44"}],"version-history":[{"count":29,"href":"https:\/\/firmen.thelen-gruppe.com\/tkh\/wp-json\/wp\/v2\/pages\/44\/revisions"}],"predecessor-version":[{"id":152,"href":"https:\/\/firmen.thelen-gruppe.com\/tkh\/wp-json\/wp\/v2\/pages\/44\/revisions\/152"}],"wp:featuredmedia":[{"embeddable":true,"href":"https:\/\/firmen.thelen-gruppe.com\/tkh\/wp-json\/wp\/v2\/media\/151"}],"wp:attachment":[{"href":"https:\/\/firmen.thelen-gruppe.com\/tkh\/wp-json\/wp\/v2\/media?parent=44"}],"curies":[{"name":"wp","href":"https:\/\/api.w.org\/{rel}","templated":true}]}}