{"id":49,"date":"2022-01-19T12:35:50","date_gmt":"2022-01-19T11:35:50","guid":{"rendered":"https:\/\/firmen.thelen-gruppe.com\/tkh\/?page_id=49"},"modified":"2023-08-15T09:45:04","modified_gmt":"2023-08-15T07:45:04","slug":"thelen-gruppe","status":"publish","type":"page","link":"https:\/\/firmen.thelen-gruppe.com\/tkh\/thelen-gruppe\/","title":{"rendered":"Thelen Gruppe"},"content":{"rendered":"<p><div class=\"fusion-fullwidth fullwidth-box fusion-builder-row-1 fusion-flex-container nonhundred-percent-fullwidth non-hundred-percent-height-scrolling\" style=\"--awb-border-radius-top-left:0px;--awb-border-radius-top-right:0px;--awb-border-radius-bottom-right:0px;--awb-border-radius-bottom-left:0px;--awb-padding-bottom:1%;--awb-flex-wrap:wrap;\" ><div class=\"fusion-builder-row fusion-row fusion-flex-align-items-flex-start fusion-flex-content-wrap\" style=\"max-width:1248px;margin-left: calc(-4% \/ 2 );margin-right: calc(-4% \/ 2 );\"><div class=\"fusion-layout-column fusion_builder_column fusion-builder-column-0 fusion_builder_column_1_6 1_6 fusion-flex-column fusion-animated\" style=\"--awb-padding-right:6%;--awb-padding-left:6%;--awb-bg-size:cover;--awb-width-large:16.666666666667%;--awb-margin-top-large:0px;--awb-spacing-right-large:11.52%;--awb-margin-bottom-large:8%;--awb-spacing-left-large:11.52%;--awb-width-medium:100%;--awb-spacing-right-medium:1.92%;--awb-spacing-left-medium:1.92%;--awb-width-small:100%;--awb-spacing-right-small:1.92%;--awb-spacing-left-small:1.92%;\" data-animationType=\"fadeInUp\" data-animationDuration=\"0.6\" data-animationOffset=\"top-into-view\"><div class=\"fusion-column-wrapper fusion-column-has-shadow fusion-flex-justify-content-flex-start fusion-content-layout-column\"><div class=\"fusion-separator fusion-no-large-visibility fusion-full-width-sep\" style=\"align-self: center;margin-left: auto;margin-right: auto;margin-bottom:8%;width:100%;\"><\/div><\/div><\/div><div class=\"fusion-layout-column fusion_builder_column fusion-builder-column-1 fusion_builder_column_2_3 2_3 fusion-flex-column fusion-animated\" style=\"--awb-padding-right:6%;--awb-padding-left:6%;--awb-bg-size:cover;--awb-width-large:66.666666666667%;--awb-margin-top-large:0px;--awb-spacing-right-large:2.88%;--awb-margin-bottom-large:8%;--awb-spacing-left-large:2.88%;--awb-width-medium:100%;--awb-spacing-right-medium:1.92%;--awb-spacing-left-medium:1.92%;--awb-width-small:100%;--awb-spacing-right-small:1.92%;--awb-spacing-left-small:1.92%;\" data-animationType=\"fadeInUp\" data-animationDuration=\"0.8\" data-animationOffset=\"top-into-view\"><div class=\"fusion-column-wrapper fusion-column-has-shadow fusion-flex-justify-content-flex-start fusion-content-layout-column\"><i class=\"fb-icon-element-1 fb-icon-element fontawesome-icon restaurant-sushi-7 circle-no\" style=\"--awb-iconcolor:#b7b7b7;--awb-iconcolor-hover:#b7b7b7;--awb-font-size:96px;--awb-align-self:center;--awb-margin-top:0px;--awb-margin-right:0px;--awb-margin-bottom:7%;--awb-margin-left:0px;\"><\/i><div class=\"fusion-title title fusion-title-1 fusion-sep-none fusion-title-center fusion-title-text fusion-title-size-two\" style=\"--awb-margin-bottom:6%;--awb-font-size:50px;\"><h2 class=\"fusion-title-heading title-heading-center fusion-responsive-typography-calculated\" style=\"margin:0;font-size:1em;--fontSize:50;line-height:1;\">Wir sind Thelen<\/h2><\/div><div class=\"fusion-text fusion-text-1\"><p style=\"text-align: center\"><span style=\"color: #ffcc00\"><strong>\/\/\/\/\/\/\/\/\/\/\/\/\/\/\/\/\/\/\/\/\/\/\/\/\/\/\/\/\/\/\/\/\/\/\/\/\/\/\/<\/strong><\/span><\/p>\n<\/div><div class=\"fusion-separator\" style=\"align-self: center;margin-left: auto;margin-right: auto;margin-bottom:3%;width:100%;max-width:65px;\"><\/div><div class=\"fusion-text fusion-text-2\"><div class=\"PlainText\">\n<p>Die Thelen Gruppe, mit allen Fachunternehmen rund um die Immobilie, besch\u00e4ftigt mehr als 6.500 Mitarbeiter in 84 zugeh\u00f6rigen Betrieben in den Bereichen Planung, Bauausf\u00fchrung und Bewirtschaftung von Geb\u00e4uden.<\/p>\n<p>Mit intelligenten und innovativen Konzepten entwickeln und errichten wir werthaltige Geb\u00e4ude, Gewerbeparks und urbane Quartiere.<\/p>\n<p>Durch die Integration neuester Technologien, nachhaltiger Energiekonzepte und zukunftsf\u00e4higer Mobilit\u00e4t gestalten wir den Lebensraum Zukunft<\/p>\n<\/div>\n<\/div><div class=\"fusion-separator\" style=\"align-self: center;margin-left: auto;margin-right: auto;margin-bottom:3%;width:100%;max-width:65px;\"><\/div><div style=\"text-align:center;\"><a class=\"fusion-button button-flat button-xlarge button-custom fusion-button-default button-1 fusion-button-default-span fusion-button-default-type\" style=\"--button_accent_color:#fbba00;--button_accent_hover_color:#ffffff;--button_border_hover_color:#fbba00;--button_gradient_top_color:#ffffff;--button_gradient_bottom_color:#ffffff;--button_gradient_top_color_hover:#fbba00;--button_gradient_bottom_color_hover:#fbba00;--button_text_transform:uppercase;\" target=\"_self\" href=\"https:\/\/www.thelen-gruppe.com\"><span class=\"fusion-button-text\">Website der Thelen Gruppe<\/span><\/a><\/div><\/div><\/div><\/div><\/div><div id=\"hors-doeuvres\" class=\"fusion-container-anchor\"><div class=\"fusion-fullwidth fullwidth-box fusion-builder-row-2 fusion-flex-container hundred-percent-fullwidth non-hundred-percent-height-scrolling\" style=\"--awb-border-radius-top-left:0px;--awb-border-radius-top-right:0px;--awb-border-radius-bottom-right:0px;--awb-border-radius-bottom-left:0px;--awb-padding-top:6%;--awb-padding-bottom:3%;--awb-background-color:#ededed;--awb-flex-wrap:wrap;\" ><div class=\"fusion-builder-row fusion-row fusion-flex-align-items-flex-start fusion-flex-justify-content-center fusion-flex-content-wrap\" style=\"width:104% !important;max-width:104% !important;margin-left: calc(-4% \/ 2 );margin-right: calc(-4% \/ 2 );\"><div class=\"fusion-layout-column fusion_builder_column fusion-builder-column-2 fusion_builder_column_1_2 1_2 fusion-flex-column fusion-animated\" style=\"--awb-bg-size:cover;--awb-width-large:50%;--awb-margin-top-large:0px;--awb-spacing-right-large:3.84%;--awb-margin-bottom-large:4%;--awb-spacing-left-large:3.84%;--awb-width-medium:100%;--awb-order-medium:0;--awb-spacing-right-medium:1.92%;--awb-spacing-left-medium:1.92%;--awb-width-small:100%;--awb-order-small:0;--awb-spacing-right-small:1.92%;--awb-spacing-left-small:1.92%;\" data-animationType=\"fadeInUp\" data-animationDuration=\"0.8\" data-animationOffset=\"top-into-view\"><div class=\"fusion-column-wrapper fusion-column-has-shadow fusion-flex-justify-content-flex-start fusion-content-layout-column\"><div class=\"fusion-image-element \" style=\"text-align:center;--awb-caption-title-font-family:var(--h2_typography-font-family);--awb-caption-title-font-weight:var(--h2_typography-font-weight);--awb-caption-title-font-style:var(--h2_typography-font-style);--awb-caption-title-size:var(--h2_typography-font-size);--awb-caption-title-transform:var(--h2_typography-text-transform);--awb-caption-title-line-height:var(--h2_typography-line-height);--awb-caption-title-letter-spacing:var(--h2_typography-letter-spacing);\"><span class=\" fusion-imageframe imageframe-none imageframe-1 hover-type-none\"><img decoding=\"async\" width=\"128\" height=\"128\" title=\"360-grad\" src=\"data:image\/svg+xml,%3Csvg%20xmlns%3D%27http%3A%2F%2Fwww.w3.org%2F2000%2Fsvg%27%20width%3D%27128%27%20height%3D%27128%27%20viewBox%3D%270%200%20128%20128%27%3E%3Crect%20width%3D%27128%27%20height%3D%27128%27%20fill-opacity%3D%220%22%2F%3E%3C%2Fsvg%3E\" data-orig-src=\"https:\/\/firmen.thelen-gruppe.com\/tkh\/wp-content\/uploads\/sites\/3\/2023\/02\/360-grad.svg\" alt class=\"lazyload img-responsive wp-image-172\"\/><\/span><\/div><\/div><\/div><div class=\"fusion-layout-column fusion_builder_column fusion-builder-column-3 fusion_builder_column_1_2 1_2 fusion-flex-column fusion-animated\" style=\"--awb-bg-size:cover;--awb-width-large:50%;--awb-margin-top-large:0px;--awb-spacing-right-large:3.84%;--awb-margin-bottom-large:4%;--awb-spacing-left-large:3.84%;--awb-width-medium:100%;--awb-order-medium:0;--awb-spacing-right-medium:1.92%;--awb-spacing-left-medium:1.92%;--awb-width-small:100%;--awb-order-small:0;--awb-spacing-right-small:1.92%;--awb-spacing-left-small:1.92%;\" data-animationType=\"fadeInUp\" data-animationDuration=\"0.8\" data-animationOffset=\"top-into-view\"><div class=\"fusion-column-wrapper fusion-column-has-shadow fusion-flex-justify-content-flex-start fusion-content-layout-column\"><div class=\"fusion-title title fusion-title-2 fusion-sep-none fusion-title-text fusion-title-size-three\" style=\"--awb-margin-bottom:6%;\"><h3 class=\"fusion-title-heading title-heading-left fusion-responsive-typography-calculated\" style=\"margin:0;--fontSize:36;line-height:1.3;\"><p class=\"title-heading-left fusion-responsive-typography-calculated\">360 Grad-Service<\/p><\/h3><\/div><div class=\"fusion-text fusion-text-3\"><p style=\"text-align: left\"><span style=\"color: #ffcc00\"><strong>\/\/\/\/\/\/\/\/\/\/\/\/\/\/\/\/\/\/\/\/\/\/\/\/\/\/\/\/\/\/\/\/\/\/\/\/\/\/\/\/\/\/\/\/\/\/\/\/\/\/\/\/\/\/\/\/\/\/\/\/\/\/\/\/\/\/\/<\/strong><\/span><\/p>\n<\/div><div class=\"fusion-text fusion-text-4\"><div class=\"PlainText\">\n<p class=\"title-heading-left fusion-responsive-typography-calculated\">Die <a href=\"https:\/\/www.thelen-gruppe.com\/\" target=\"_blank\" rel=\"noopener noreferrer\">Thelen Gruppe<\/a> bietet Ihnen den 360 Grad-Service rund um die Immobilie. Zuverl\u00e4ssige Handlungsabfolgen bei der Geb\u00e4udesanierung, ohne Zeitverlust, Wartezeiten und Leerlauf sind unsere St\u00e4rke. Zusammen realisieren wir f\u00fcr Sie die komplette Wertsch\u00f6pfungskette einer Immobilie.<\/p>\n<\/div>\n<\/div><div class=\"fusion-separator fusion-no-small-visibility fusion-no-medium-visibility fusion-full-width-sep\" style=\"align-self: center;margin-left: auto;margin-right: auto;margin-bottom:3%;width:100%;\"><\/div><\/div><\/div><\/div><\/div><\/div><\/p>\n","protected":false},"excerpt":{"rendered":"","protected":false},"author":1,"featured_media":176,"parent":0,"menu_order":0,"comment_status":"closed","ping_status":"closed","template":"100-width.php","meta":{"inline_featured_image":false,"footnotes":""},"class_list":["post-49","page","type-page","status-publish","has-post-thumbnail","hentry"],"yoast_head":"<!-- This site is optimized with the Yoast SEO plugin v23.6 - https:\/\/yoast.com\/wordpress\/plugins\/seo\/ -->\n<title>Thelen Gruppe - TK Handwerksleistungen GmbH<\/title>\n<meta name=\"robots\" content=\"index, follow, max-snippet:-1, max-image-preview:large, max-video-preview:-1\" \/>\n<link rel=\"canonical\" href=\"https:\/\/firmen.thelen-gruppe.com\/tkh\/thelen-gruppe\/\" \/>\n<meta property=\"og:locale\" content=\"de_DE\" \/>\n<meta property=\"og:type\" content=\"article\" \/>\n<meta property=\"og:title\" content=\"Thelen Gruppe - TK Handwerksleistungen GmbH\" \/>\n<meta property=\"og:url\" content=\"https:\/\/firmen.thelen-gruppe.com\/tkh\/thelen-gruppe\/\" \/>\n<meta property=\"og:site_name\" content=\"TK Handwerksleistungen GmbH\" \/>\n<meta property=\"article:modified_time\" content=\"2023-08-15T07:45:04+00:00\" \/>\n<meta property=\"og:image\" content=\"https:\/\/firmen.thelen-gruppe.com\/tkh\/wp-content\/uploads\/sites\/3\/2023\/08\/360-grad-thelen.jpg\" \/>\n\t<meta property=\"og:image:width\" content=\"2000\" \/>\n\t<meta property=\"og:image:height\" content=\"918\" \/>\n\t<meta property=\"og:image:type\" content=\"image\/jpeg\" \/>\n<meta name=\"twitter:card\" content=\"summary_large_image\" \/>\n<meta name=\"twitter:label1\" content=\"Gesch\u00e4tzte Lesezeit\" \/>\n\t<meta name=\"twitter:data1\" content=\"6\u00a0Minuten\" \/>\n<script type=\"application\/ld+json\" class=\"yoast-schema-graph\">{\"@context\":\"https:\/\/schema.org\",\"@graph\":[{\"@type\":\"WebPage\",\"@id\":\"https:\/\/firmen.thelen-gruppe.com\/tkh\/thelen-gruppe\/\",\"url\":\"https:\/\/firmen.thelen-gruppe.com\/tkh\/thelen-gruppe\/\",\"name\":\"Thelen Gruppe - TK Handwerksleistungen GmbH\",\"isPartOf\":{\"@id\":\"https:\/\/firmen.thelen-gruppe.com\/tkh\/#website\"},\"primaryImageOfPage\":{\"@id\":\"https:\/\/firmen.thelen-gruppe.com\/tkh\/thelen-gruppe\/#primaryimage\"},\"image\":{\"@id\":\"https:\/\/firmen.thelen-gruppe.com\/tkh\/thelen-gruppe\/#primaryimage\"},\"thumbnailUrl\":\"https:\/\/firmen.thelen-gruppe.com\/tkh\/wp-content\/uploads\/sites\/3\/2023\/08\/360-grad-thelen.jpg\",\"datePublished\":\"2022-01-19T11:35:50+00:00\",\"dateModified\":\"2023-08-15T07:45:04+00:00\",\"breadcrumb\":{\"@id\":\"https:\/\/firmen.thelen-gruppe.com\/tkh\/thelen-gruppe\/#breadcrumb\"},\"inLanguage\":\"de\",\"potentialAction\":[{\"@type\":\"ReadAction\",\"target\":[\"https:\/\/firmen.thelen-gruppe.com\/tkh\/thelen-gruppe\/\"]}]},{\"@type\":\"ImageObject\",\"inLanguage\":\"de\",\"@id\":\"https:\/\/firmen.thelen-gruppe.com\/tkh\/thelen-gruppe\/#primaryimage\",\"url\":\"https:\/\/firmen.thelen-gruppe.com\/tkh\/wp-content\/uploads\/sites\/3\/2023\/08\/360-grad-thelen.jpg\",\"contentUrl\":\"https:\/\/firmen.thelen-gruppe.com\/tkh\/wp-content\/uploads\/sites\/3\/2023\/08\/360-grad-thelen.jpg\",\"width\":2000,\"height\":918},{\"@type\":\"BreadcrumbList\",\"@id\":\"https:\/\/firmen.thelen-gruppe.com\/tkh\/thelen-gruppe\/#breadcrumb\",\"itemListElement\":[{\"@type\":\"ListItem\",\"position\":1,\"name\":\"Startseite\",\"item\":\"https:\/\/firmen.thelen-gruppe.com\/tkh\/\"},{\"@type\":\"ListItem\",\"position\":2,\"name\":\"Thelen Gruppe\"}]},{\"@type\":\"WebSite\",\"@id\":\"https:\/\/firmen.thelen-gruppe.com\/tkh\/#website\",\"url\":\"https:\/\/firmen.thelen-gruppe.com\/tkh\/\",\"name\":\"TK Handwerksleistungen GmbH\",\"description\":\"Bau Ausbau Inneneinrichtung\",\"publisher\":{\"@id\":\"https:\/\/firmen.thelen-gruppe.com\/tkh\/#organization\"},\"potentialAction\":[{\"@type\":\"SearchAction\",\"target\":{\"@type\":\"EntryPoint\",\"urlTemplate\":\"https:\/\/firmen.thelen-gruppe.com\/tkh\/?s={search_term_string}\"},\"query-input\":{\"@type\":\"PropertyValueSpecification\",\"valueRequired\":true,\"valueName\":\"search_term_string\"}}],\"inLanguage\":\"de\"},{\"@type\":\"Organization\",\"@id\":\"https:\/\/firmen.thelen-gruppe.com\/tkh\/#organization\",\"name\":\"TK Handwerksleistungen GmbH\",\"url\":\"https:\/\/firmen.thelen-gruppe.com\/tkh\/\",\"logo\":{\"@type\":\"ImageObject\",\"inLanguage\":\"de\",\"@id\":\"https:\/\/firmen.thelen-gruppe.com\/tkh\/#\/schema\/logo\/image\/\",\"url\":\"https:\/\/firmen.thelen-gruppe.com\/tkh\/wp-content\/uploads\/sites\/3\/2022\/01\/tk-handwerksleistungen.svg\",\"contentUrl\":\"https:\/\/firmen.thelen-gruppe.com\/tkh\/wp-content\/uploads\/sites\/3\/2022\/01\/tk-handwerksleistungen.svg\",\"width\":\"1024\",\"height\":\"1024\",\"caption\":\"TK Handwerksleistungen GmbH\"},\"image\":{\"@id\":\"https:\/\/firmen.thelen-gruppe.com\/tkh\/#\/schema\/logo\/image\/\"}}]}<\/script>\n<!-- \/ Yoast SEO plugin. -->","yoast_head_json":{"title":"Thelen Gruppe - TK Handwerksleistungen GmbH","robots":{"index":"index","follow":"follow","max-snippet":"max-snippet:-1","max-image-preview":"max-image-preview:large","max-video-preview":"max-video-preview:-1"},"canonical":"https:\/\/firmen.thelen-gruppe.com\/tkh\/thelen-gruppe\/","og_locale":"de_DE","og_type":"article","og_title":"Thelen Gruppe - TK Handwerksleistungen GmbH","og_url":"https:\/\/firmen.thelen-gruppe.com\/tkh\/thelen-gruppe\/","og_site_name":"TK Handwerksleistungen GmbH","article_modified_time":"2023-08-15T07:45:04+00:00","og_image":[{"width":2000,"height":918,"url":"https:\/\/firmen.thelen-gruppe.com\/tkh\/wp-content\/uploads\/sites\/3\/2023\/08\/360-grad-thelen.jpg","type":"image\/jpeg"}],"twitter_card":"summary_large_image","twitter_misc":{"Gesch\u00e4tzte Lesezeit":"6\u00a0Minuten"},"schema":{"@context":"https:\/\/schema.org","@graph":[{"@type":"WebPage","@id":"https:\/\/firmen.thelen-gruppe.com\/tkh\/thelen-gruppe\/","url":"https:\/\/firmen.thelen-gruppe.com\/tkh\/thelen-gruppe\/","name":"Thelen Gruppe - TK Handwerksleistungen GmbH","isPartOf":{"@id":"https:\/\/firmen.thelen-gruppe.com\/tkh\/#website"},"primaryImageOfPage":{"@id":"https:\/\/firmen.thelen-gruppe.com\/tkh\/thelen-gruppe\/#primaryimage"},"image":{"@id":"https:\/\/firmen.thelen-gruppe.com\/tkh\/thelen-gruppe\/#primaryimage"},"thumbnailUrl":"https:\/\/firmen.thelen-gruppe.com\/tkh\/wp-content\/uploads\/sites\/3\/2023\/08\/360-grad-thelen.jpg","datePublished":"2022-01-19T11:35:50+00:00","dateModified":"2023-08-15T07:45:04+00:00","breadcrumb":{"@id":"https:\/\/firmen.thelen-gruppe.com\/tkh\/thelen-gruppe\/#breadcrumb"},"inLanguage":"de","potentialAction":[{"@type":"ReadAction","target":["https:\/\/firmen.thelen-gruppe.com\/tkh\/thelen-gruppe\/"]}]},{"@type":"ImageObject","inLanguage":"de","@id":"https:\/\/firmen.thelen-gruppe.com\/tkh\/thelen-gruppe\/#primaryimage","url":"https:\/\/firmen.thelen-gruppe.com\/tkh\/wp-content\/uploads\/sites\/3\/2023\/08\/360-grad-thelen.jpg","contentUrl":"https:\/\/firmen.thelen-gruppe.com\/tkh\/wp-content\/uploads\/sites\/3\/2023\/08\/360-grad-thelen.jpg","width":2000,"height":918},{"@type":"BreadcrumbList","@id":"https:\/\/firmen.thelen-gruppe.com\/tkh\/thelen-gruppe\/#breadcrumb","itemListElement":[{"@type":"ListItem","position":1,"name":"Startseite","item":"https:\/\/firmen.thelen-gruppe.com\/tkh\/"},{"@type":"ListItem","position":2,"name":"Thelen Gruppe"}]},{"@type":"WebSite","@id":"https:\/\/firmen.thelen-gruppe.com\/tkh\/#website","url":"https:\/\/firmen.thelen-gruppe.com\/tkh\/","name":"TK Handwerksleistungen GmbH","description":"Bau Ausbau Inneneinrichtung","publisher":{"@id":"https:\/\/firmen.thelen-gruppe.com\/tkh\/#organization"},"potentialAction":[{"@type":"SearchAction","target":{"@type":"EntryPoint","urlTemplate":"https:\/\/firmen.thelen-gruppe.com\/tkh\/?s={search_term_string}"},"query-input":{"@type":"PropertyValueSpecification","valueRequired":true,"valueName":"search_term_string"}}],"inLanguage":"de"},{"@type":"Organization","@id":"https:\/\/firmen.thelen-gruppe.com\/tkh\/#organization","name":"TK Handwerksleistungen GmbH","url":"https:\/\/firmen.thelen-gruppe.com\/tkh\/","logo":{"@type":"ImageObject","inLanguage":"de","@id":"https:\/\/firmen.thelen-gruppe.com\/tkh\/#\/schema\/logo\/image\/","url":"https:\/\/firmen.thelen-gruppe.com\/tkh\/wp-content\/uploads\/sites\/3\/2022\/01\/tk-handwerksleistungen.svg","contentUrl":"https:\/\/firmen.thelen-gruppe.com\/tkh\/wp-content\/uploads\/sites\/3\/2022\/01\/tk-handwerksleistungen.svg","width":"1024","height":"1024","caption":"TK Handwerksleistungen GmbH"},"image":{"@id":"https:\/\/firmen.thelen-gruppe.com\/tkh\/#\/schema\/logo\/image\/"}}]}},"_links":{"self":[{"href":"https:\/\/firmen.thelen-gruppe.com\/tkh\/wp-json\/wp\/v2\/pages\/49","targetHints":{"allow":["GET"]}}],"collection":[{"href":"https:\/\/firmen.thelen-gruppe.com\/tkh\/wp-json\/wp\/v2\/pages"}],"about":[{"href":"https:\/\/firmen.thelen-gruppe.com\/tkh\/wp-json\/wp\/v2\/types\/page"}],"author":[{"embeddable":true,"href":"https:\/\/firmen.thelen-gruppe.com\/tkh\/wp-json\/wp\/v2\/users\/1"}],"replies":[{"embeddable":true,"href":"https:\/\/firmen.thelen-gruppe.com\/tkh\/wp-json\/wp\/v2\/comments?post=49"}],"version-history":[{"count":5,"href":"https:\/\/firmen.thelen-gruppe.com\/tkh\/wp-json\/wp\/v2\/pages\/49\/revisions"}],"predecessor-version":[{"id":173,"href":"https:\/\/firmen.thelen-gruppe.com\/tkh\/wp-json\/wp\/v2\/pages\/49\/revisions\/173"}],"wp:featuredmedia":[{"embeddable":true,"href":"https:\/\/firmen.thelen-gruppe.com\/tkh\/wp-json\/wp\/v2\/media\/176"}],"wp:attachment":[{"href":"https:\/\/firmen.thelen-gruppe.com\/tkh\/wp-json\/wp\/v2\/media?parent=49"}],"curies":[{"name":"wp","href":"https:\/\/api.w.org\/{rel}","templated":true}]}}