{"id":62,"date":"2022-01-19T12:48:31","date_gmt":"2022-01-19T11:48:31","guid":{"rendered":"https:\/\/firmen.thelen-gruppe.com\/tkh\/?page_id=62"},"modified":"2022-02-18T12:53:41","modified_gmt":"2022-02-18T11:53:41","slug":"datenschutz","status":"publish","type":"page","link":"https:\/\/firmen.thelen-gruppe.com\/tkh\/datenschutz\/","title":{"rendered":"Datenschutz"},"content":{"rendered":"<div class=\"fusion-fullwidth fullwidth-box fusion-builder-row-1 fusion-flex-container nonhundred-percent-fullwidth non-hundred-percent-height-scrolling\" style=\"--awb-border-radius-top-left:0px;--awb-border-radius-top-right:0px;--awb-border-radius-bottom-right:0px;--awb-border-radius-bottom-left:0px;--awb-padding-bottom:0%;--awb-background-color:#eeeeee;--awb-flex-wrap:wrap;\" ><div class=\"fusion-builder-row fusion-row fusion-flex-align-items-flex-start fusion-flex-content-wrap\" style=\"max-width:1248px;margin-left: calc(-4% \/ 2 );margin-right: calc(-4% \/ 2 );\"><div class=\"fusion-layout-column fusion_builder_column fusion-builder-column-0 fusion_builder_column_1_1 1_1 fusion-flex-column fusion-no-large-visibility\" style=\"--awb-bg-size:cover;--awb-width-large:100%;--awb-margin-top-large:0px;--awb-spacing-right-large:1.92%;--awb-margin-bottom-large:0px;--awb-spacing-left-large:1.92%;--awb-width-medium:100%;--awb-spacing-right-medium:1.92%;--awb-spacing-left-medium:1.92%;--awb-width-small:100%;--awb-spacing-right-small:1.92%;--awb-spacing-left-small:1.92%;\"><div class=\"fusion-column-wrapper fusion-column-has-shadow fusion-flex-justify-content-flex-start fusion-content-layout-column\"><div class=\"fusion-separator fusion-full-width-sep\" style=\"align-self: center;margin-left: auto;margin-right: auto;margin-bottom:3%;width:100%;\"><\/div><\/div><\/div><div class=\"fusion-layout-column fusion_builder_column fusion-builder-column-1 fusion_builder_column_1_1 1_1 fusion-flex-column fusion-animated\" style=\"--awb-padding-right:0%;--awb-bg-size:cover;--awb-width-large:100%;--awb-margin-top-large:0px;--awb-spacing-right-large:2.304%;--awb-margin-bottom-large:8%;--awb-spacing-left-large:1.92%;--awb-width-medium:100%;--awb-spacing-right-medium:1.92%;--awb-spacing-left-medium:1.92%;--awb-width-small:100%;--awb-spacing-right-small:1.92%;--awb-spacing-left-small:1.92%;\" data-animationType=\"fadeInUp\" data-animationDuration=\"1.0\" data-animationOffset=\"top-into-view\"><div class=\"fusion-column-wrapper fusion-column-has-shadow fusion-flex-justify-content-flex-start fusion-content-layout-column\"><div class=\"fusion-title title fusion-title-1 fusion-sep-none fusion-title-text fusion-title-size-three\" style=\"--awb-margin-bottom:2%;\"><h3 class=\"fusion-title-heading title-heading-left fusion-responsive-typography-calculated\" style=\"margin:0;--fontSize:36;line-height:1.3;\">Datenschutzerkl\u00e4rung<\/h3><\/div><div class=\"fusion-text fusion-text-1\"><p style=\"text-align: left\"><span style=\"color: #ffcc00\"><strong>\/\/\/\/\/\/\/\/\/\/\/\/\/\/\/\/\/\/\/\/\/\/\/\/\/\/\/\/\/\/\/\/\/\/\/\/\/\/\/<\/strong><\/span><\/p>\n<\/div><div class=\"fusion-separator fusion-full-width-sep\" style=\"align-self: center;margin-left: auto;margin-right: auto;margin-bottom:7%;width:100%;\"><\/div><div class=\"fusion-text fusion-text-2\"><p>Vielen Dank f\u00fcr das Interesse an unserem Unternehmen, sowie an den von uns angebotenen Produkten und Dienstleistungen, welches Sie mit dem Besuch unserer Website (https:\/\/www.tkh-online.de) zeigen.<\/p>\n<p>Alle auf unseren Internetseiten enthaltenen Angaben und Informationen wurden von uns sorgf\u00e4ltig recherchiert und gepr\u00fcft. Gleichwohl k\u00f6nnen Fehler auftreten oder sich Daten ver\u00e4ndert haben. F\u00fcr Richtigkeit, Vollst\u00e4ndigkeit und Aktualit\u00e4t der Angaben und Informationen k\u00f6nnen weder wir noch Dritte eine Gew\u00e4hr oder Garantie \u00fcbernehmen.<\/p>\n<p>Der Server f\u00fcr den Internetauftritt der\u00a0<strong>TK Handwerksleistungen GmbH <\/strong>befindet sich in Deutschland.<\/p>\n<p>Alle Informationen dienen ausschlie\u00dflich zur Information der Besucher des Onlineangebotes. Eine Haftung ist auf Vorsatz und grobe Fahrl\u00e4ssigkeit beschr\u00e4nkt. F\u00fcr Internetseiten Dritter, auf die wir durch Hyperlink verweisen, tragen die jeweiligen Anbieter die Verantwortung. Wir sind f\u00fcr den Inhalt solcher Seiten Dritter nicht verantwortlich und lehnen jegliche Haftung f\u00fcr darin enthaltene Fehler oder Auslassungen ab.<\/p>\n<p>Des Weiteren kann unsere Website ohne unser Wissen von einer anderen Seite mittels Hyperlink angelinkt worden sein. Wir \u00fcbernehmen keine Verantwortung f\u00fcr Darstellung, Inhalt oder irgendeine Verbindung von uns auf Websites Dritter.<\/p>\n<p>Au\u00dferdem behalten wir uns das Recht vor, \u00c4nderungen oder Erg\u00e4nzungen der bereitgestellten Informationen vorzunehmen. Inhalt, insbesondere Marken, Logos und Bilder, sowie Struktur unserer Websites sind urheberrechtlich gesch\u00fctzt. Die Vervielf\u00e4ltigung von Inhalten oder Daten, insbesondere die Verwendung von Texten, Textteilen oder Bildmaterial ist nur mit unserer ausdr\u00fccklicher vorherigen schriftlichen Zustimmung und einem Quellenhinweis gestattet. Ein Belegexemplar von Ver\u00f6ffentlichungen wird erbeten. Die direkte Online-Einbettung von Informationen oder gestalterischen Elementen unseres Internetauftrittes ist nur mit unserer vorherigen schriftlichen Zustimmung erlaubt.<\/p>\n<p>Alle Texte, Bilder, Graphiken, Ton-, Videodateien sowie ihre Arrangements, die von uns zum Download zur Verf\u00fcgung gestellt werden, unterliegen dem Urheberrecht und anderen Gesetzen zum Schutz geistigen Eigentums. Sie d\u00fcrfen ausschlie\u00dflich f\u00fcr redaktionelle Berichterstattung und weder f\u00fcr Werbung noch f\u00fcr Handelszwecke verwendet werden. Sie d\u00fcrfen nicht durch eigene redaktionelle Zus\u00e4tze in ihrem Sinn entstellt werden. Eine Weitergabe, das Kopieren, das Bearbeiten sowie der Einsatz auf Medien, die nicht der redaktionellen Berichterstattung dienen, ist ohne unsere vorherige schriftliche Zustimmung in keinem Fall gestattet. Wir behalten uns ausdr\u00fccklich das Recht vor, die einger\u00e4umte Nutzungserlaubnis jederzeit und im Einzelfall zu widerrufen bzw. einzuschr\u00e4nken.<\/p>\n<p>Im \u00dcbrigen behalten wir uns alle Rechte vor.<\/p>\n<h3><strong>Besondere Hinweise zum Datenschutz<\/strong><\/h3>\n<p>Der Schutz Ihrer Privatsph\u00e4re bei der Nutzung unserer Webseiten ist uns sehr wichtig. Dementsprechend verwenden wir Ihre Daten in \u00dcbereinstimmung mit den gesetzlichen Vorschriften zum Datenschutz. \u00dcber diese Webseite erfassen wir verschiedene Daten und Informationen \u00fcber Sie. Nachfolgend informieren wir Sie dar\u00fcber, wie wir mit Ihren Daten umgehen.<\/p>\n<p><strong>Webserver-Protokolle<\/strong><\/p>\n<p>Die von uns eingesetzten Webserver, auf dem sich unsere Webseiten befinden (nachstehend \u201eWebserver\u201c genannt, sammelt automatisch Informationen von Ihnen, wenn Sie uns im Internet besuchen. Der Webserver erkennt automatisch bestimmte personenbezogene Daten wie beispielsweise, Ihre IP-Adresse; das Datum und die Uhrzeit, zu denen Sie auf unserer Seite sind; die von Ihnen auf unserer Webseite besuchten Seiten; die Webseite, auf der Sie zuvor waren; den von Ihnen verwendeten Browser (z. B. Internet Explorer); das von Ihnen verwendete Betriebssystem sowie den Domainnamen und die Adresse Ihres Internet-Providers. Falls unsere Webseite Cookies verwendet (wie weiter unten erl\u00e4utert), speichert der Webserver auch diese Information.<\/p>\n<p>Wir werten diese Server-Protokolle regelm\u00e4\u00dfig anonym f\u00fcr statistische Zwecke aus (Click Stream Analysen), damit wir feststellen k\u00f6nnen, wie unsere Webseiten genutzt werden. Dies dient ausschlie\u00dflich als Grundlage f\u00fcr die Optimierung unserer Webseiten. Grunds\u00e4tzlich besteht die M\u00f6glichkeit, dass diese Daten im Falle eines Systemmissbrauchs in Zusammenarbeit mit Ihrem Internet-Provider und\/oder Beh\u00f6rden verwendet werden, um den Urheber dieses Missbrauchs zu ermitteln.<\/p>\n<p><strong>Einsatz von Cookies, Google Analytics<\/strong><\/p>\n<p>Die Nutzung der Webseite aktiviert den Webanalysedienst \u201eGoogle Analytics\u201c einen Dienst der Google Inc. (\u201cGoogle\u201d) eingebunden. Google Analytics verwendet sog. \u201cCookies\u201d, Textdateien, die auf Ihrem Computer gespeichert werden und die eine Analyse der Benutzung der Webseite dadurch erm\u00f6glichen. Die durch Cookies erzeugten Informationen \u00fcber Ihre Benutzung dieser Webseite werden in der Regel an einen Server von Google in den USA \u00fcbertragen und dort gespeichert. Aufgrund der Aktivierung der IP-Anonymisierung auf diesen Webseiten, wird Ihre IP-Adresse von Google jedoch innerhalb von Mitgliedstaaten der Europ\u00e4ischen Union oder in anderen Vertragsstaaten des Abkommens \u00fcber den Europ\u00e4ischen Wirtschaftsraum zuvor gek\u00fcrzt. Nur in Ausnahmef\u00e4llen wird die volle IP-Adresse an einen Server von Google in den USA \u00fcbertragen und dort gek\u00fcrzt.<\/p>\n<p><strong>Google Web Fonts<\/strong><\/p>\n<p>Diese Seite nutzt zur einheitlichen Darstellung von Schriftarten so genannte Web Fonts, die von Google bereitgestellt werden. Beim Aufruf einer Seite l\u00e4dt Ihr Browser die ben\u00f6tigten Web Fonts in ihren Browsercache, um Texte und Schriftarten korrekt anzuzeigen. Wenn Ihr Browser Web Fonts nicht unterst\u00fctzt, wird eine Standardschrift von Ihrem Computer genutzt. Weitere Informationen zu Google Web Fonts finden Sie unter developers.google.com\/fonts\/faq und in der Datenschutzerkl\u00e4rung von Google: https:\/\/www.google.com\/policies\/privacy\/<\/p>\n<p><strong>Youtube Nutzung<\/strong><\/p>\n<p>Es werden Produktvideos angeboten, die \u00fcber den Anbieter YouTube bereitgestellt werden. Wie die meisten Websites verwendet aber auch YouTube Cookies, um Informationen \u00fcber die Besucher ihrer Internetseite zu sammeln. YouTube verwendet diese unter anderem zur Erfassung von Videostatistiken, zur Vermeidung von Betrug und zur Verbesserung der Userfreundlichkeit.<\/p>\n<p>Auch f\u00fchrt dies zu einer Verbindungsaufnahme mit dem Google DoubleClick Netzwerk. Wenn Sie das Video starten, k\u00f6nnte dies weitere Datenverarbeitungs-vorg\u00e4nge ausl\u00f6sen. Darauf haben wir keinen Einfluss. Weitere Informationen \u00fcber Datenschutz bei YouTube (geh\u00f6rt zum Google Konzern) finden Sie in deren Datenschutzerkl\u00e4rung unter: <a href=\"https:\/\/policies.google.com\/privacy?hl=de&amp;gl=de\">https:\/\/policies.google.com\/privacy?hl=de&amp;gl=de<\/a><\/p>\n<p><strong>Nutzung von Google Maps<\/strong><\/p>\n<p>Auf der Webseite werden f\u00fcr bestimmte Funktionen die Kartendienste von Google Maps genutzt. Die Software wird vom Google Konzern (<a href=\"https:\/\/www.google.com\/about\/locations\/\">https:\/\/www.google.com\/about\/locations\/<\/a>) bereitgestellt.<\/p>\n<p>Die Nutzung der Funktionen von Google Maps erfordert es, Ihre IP Adresse zu speichern. Diese Informationen werden in der Regel an einen Server von Google in den USA \u00fcbertragen und dort gespeichert. Der Anbieter dieser Seite hat keinen Einfluss auf diese Daten\u00fcbertragung.<\/p>\n<p>Die Nutzung von Google Maps erfolgt im Interesse einer ansprechenden Darstellung unserer Online-Angebote und an einer leichten Auffindbarkeit der von uns auf der Website angegebenen Orte. Dies stellt ein berechtigtes Interesse im Sinne von Art. 6 Abs. 1 Buchstabe f DSGVO dar.<\/p>\n<p>Mehr Informationen zum Umgang mit Nutzerdaten finden Sie in der Datenschutz-erkl\u00e4rung von Google unter: <a href=\"https:\/\/www.google.de\/intl\/de\/policies\/privacy\/\">https:\/\/www.google.de\/intl\/de\/policies\/privacy\/<\/a> .<\/p>\n<p><strong>Verlinkung<\/strong><\/p>\n<p>S\u00e4mtliche von uns im Zusammenhang mit dem Datenschutz abgegebenen Erkl\u00e4rungen gelten ausschlie\u00dflich f\u00fcr unser Web-Angebot. Soweit wir auf andere Seiten verlinken, gelten diese Erkl\u00e4rungen selbstverst\u00e4ndlich nicht. Wir m\u00f6chten Sie daher bitten, sich im Falle von Unklarheiten auf den dortigen Seiten nach den Datenschutzbestimmungen zu erkundigen.<\/p>\n<p><strong>Datenverarbeitung<\/strong><\/p>\n<p>Alle Systeme, in denen Ihre personenbezogenen Daten gespeichert werden, sind passwortgesch\u00fctzt und nur einem bestimmten Personenkreis zug\u00e4nglich, welcher die Daten zur Bearbeitung der von Ihnen autorisierten Zwecke ben\u00f6tigt. In diesem Zusammenhang stellen wir bei allen \u00dcbermittlungen an interne und externe Dienstleister im Rahmen der gesetzlichen Bestimmungen sicher, dass auch bei den vorgenannten Dienstleistern die Daten nur in dem hier vereinbarten Sinne verarbeitet, genutzt und ggf. \u00fcbermittelt werden. Ohne Ihre Einwilligung ist es f\u00fcr uns ausgeschlossen, Ihre personenbezogenen Daten an Dritte zu verkaufen und anderweitig zu vermarkten.<\/p>\n<p>In der Thelen Gruppe sind diverse Gesellschaften f\u00fcr zentrale Funktionen verantwortlich und verarbeitet dabei auch personenbezogene Daten f\u00fcr die Gesellschaften der Thelen Gruppe u.a. f\u00fcr folgende Zwecke: Unternehmenskommunikation, Personalverwaltung, Rechtsabteilung, Buchhaltung. Eine Datenweitergabe kann innerhalb der Unternehmen der Thelen Gruppe erfolgen, soweit dies f\u00fcr die Speicherung und Verarbeitung der Daten erforderlich ist. Eine Weitergabe an Dritte erfolgt nur, wenn es im Rahmen der Gesch\u00e4ftsbeziehung erforderlich oder durch Rechtsvorschriften legitimiert ist. Sofern externe Unternehmen mit einer Dienstleistung beauftragt werden, werden sie dazu vertraglich verpflichtet.<\/p>\n<p><strong>Sonstiges zur Erfassung Personen bezogener Daten<\/strong><\/p>\n<p>Wir erfassen nur dann Daten von Ihnen, wenn Sie uns diese selbst mitteilen, um einen unserer angebotenen Dienste zu nutzen. Lediglich die vorgenannten Webserver-Protokolle erfassen Daten von Ihnen, ohne dass Sie uns diese selbst mitteilen.<\/p>\n<p>Derzeit haben Sie die M\u00f6glichkeit, einen Newsletter zu abonnieren oder Infomaterial von unseren Seiten herunter zu laden. Soweit Sie diese Leistungen in Anspruch nehmen wollen, fragen wir Sie nach pers\u00f6nlichen Informationen, wie etwa Ihren Namen und Ihre postalische Anschrift. Es unterliegt Ihrer freien Entscheidung, ob Sie diese Daten angeben.<\/p>\n<p>Diese von Ihnen \u00fcbermittelten Daten werden dann ausschlie\u00dflich zur Durchf\u00fchrung des jeweiligen Dienstes verarbeitet und\/oder genutzt. S\u00e4mtliche Daten werden ausschlie\u00dflich auf unseren eigenen Servern, die in der Bundesrepublik Deutschland stehen, gespeichert.<\/p>\n<p>Eine \u00dcbermittlung Ihrer personenbezogenen Daten an Dritte findet nicht statt.<\/p>\n<p>Wir m\u00fcssen darauf hinweisen, dass wir im Falle der Abfrage von pers\u00f6nlichen Informationen keine gesicherte \u00dcbermittlung der Daten anbieten und auch nicht zusichern k\u00f6nnen. Bei der \u00dcbermittlung von Daten \u00fcber eine ungesicherte Internetverbindung besteht immer die Gefahr, dass Dritte die von Ihnen eingegebenen Daten abfangen und zu eigenen Zwecken nutzen.<\/p>\n<p>Sie haben grunds\u00e4tzlich die M\u00f6glichkeit unseren Newsletter und unserer Informationsmaterial per Post oder telefonisch zu bestellen.<\/p>\n<p><strong>Ihre Rechte im Zusammenhang mit den von uns erfassten Daten<\/strong><\/p>\n<p>Soweit Sie uns dazu auffordern, werden wir Ihnen unverz\u00fcglich mitteilen, welche personenbezogenen Daten wir \u00fcber Sie gespeichert haben. Wenn Sie dies w\u00fcnschen, berichtigen wir falsche Daten. Dar\u00fcber hinaus ber\u00fccksichtigen wir selbstverst\u00e4ndlich von Ihnen geltend gemachte Verarbeitungseinschr\u00e4nkungen. Letztlich l\u00f6schen wir Ihrer personenbezogenen Daten, soweit sie uns dazu auffordern und Ihrem L\u00f6schungswunsch nicht gesetzliche Aufbewahrungspflichten entgegenstehen. Letztlich \u00fcbertragen wir Ihre personenbezogenen Daten, soweit die daf\u00fcr notwendigen Voraussetzungen (Daten Portabilit\u00e4t) vorliegen.<\/p>\n<p>Von uns gespeicherte Daten werden, sollten sie f\u00fcr ihre Zweckbestimmung nicht mehr von N\u00f6ten sein und es keine gesetzlichen Aufbewahrungsfristen geben, gel\u00f6scht. Falls eine L\u00f6schung nicht durchgef\u00fchrt werden kann, da die Daten f\u00fcr zul\u00e4ssige gesetzliche Zwecke erforderlich sind, erfolgt eine Einschr\u00e4nkung der Datenverarbeitung. In diesem Fall werden die Daten gesperrt und nicht f\u00fcr andere Zwecke verarbeitet.<\/p>\n<p>Sie k\u00f6nnen jederzeit der Nutzung der von uns \u00fcber Sie erhobenen Daten durch uns widersprechen.<\/p>\n<p>Wenn Sie eine Berichtigung, Sperrung, L\u00f6schung oder Auskunft \u00fcber die zu Ihrer Person gespeicherten personenbezogenen Daten w\u00fcnschen oder Fragen bzgl. der Erhebung, Verarbeitung oder Verwendung Ihrer personenbezogenen Daten haben oder erteilte Einwilligungen widerrufen m\u00f6chten, wenden Sie sich bitte an folgende Ansprechpartner:<\/p>\n<p>Datenschutzbeauftragter: Karl-Heinz Erkens<\/p>\n<p>E-Mailadresse: <a href=\"mailto:datenschutz@thelen-gruppe.de\" target=\"_blank\" rel=\"noopener\">datenschutz@thelen-gruppe.de<\/a><\/p>\n<\/div><div class=\"fusion-separator fusion-full-width-sep\" style=\"align-self: center;margin-left: auto;margin-right: auto;margin-bottom:5%;width:100%;\"><\/div><\/div><\/div><\/div><\/div>\n","protected":false},"excerpt":{"rendered":"","protected":false},"author":1,"featured_media":155,"parent":0,"menu_order":0,"comment_status":"closed","ping_status":"open","template":"100-width.php","meta":{"inline_featured_image":false,"footnotes":""},"class_list":["post-62","page","type-page","status-publish","has-post-thumbnail","hentry"],"yoast_head":"<!-- This site is optimized with the Yoast SEO plugin v23.6 - https:\/\/yoast.com\/wordpress\/plugins\/seo\/ -->\n<title>Datenschutz - TK Handwerksleistungen GmbH<\/title>\n<meta name=\"robots\" content=\"index, follow, max-snippet:-1, max-image-preview:large, max-video-preview:-1\" \/>\n<link rel=\"canonical\" href=\"https:\/\/firmen.thelen-gruppe.com\/tkh\/datenschutz\/\" \/>\n<meta property=\"og:locale\" content=\"de_DE\" \/>\n<meta property=\"og:type\" content=\"article\" \/>\n<meta property=\"og:title\" content=\"Datenschutz - TK Handwerksleistungen GmbH\" \/>\n<meta property=\"og:url\" content=\"https:\/\/firmen.thelen-gruppe.com\/tkh\/datenschutz\/\" \/>\n<meta property=\"og:site_name\" content=\"TK Handwerksleistungen GmbH\" \/>\n<meta property=\"article:modified_time\" content=\"2022-02-18T11:53:41+00:00\" \/>\n<meta property=\"og:image\" content=\"https:\/\/firmen.thelen-gruppe.com\/tkh\/wp-content\/uploads\/sites\/3\/2022\/02\/AdobeStock_2581-scaled-e1645185216527.jpeg\" \/>\n\t<meta property=\"og:image:width\" content=\"2560\" \/>\n\t<meta property=\"og:image:height\" content=\"1324\" \/>\n\t<meta property=\"og:image:type\" content=\"image\/jpeg\" \/>\n<meta name=\"twitter:card\" content=\"summary_large_image\" \/>\n<meta name=\"twitter:label1\" content=\"Gesch\u00e4tzte Lesezeit\" \/>\n\t<meta name=\"twitter:data1\" content=\"14\u00a0Minuten\" \/>\n<script type=\"application\/ld+json\" class=\"yoast-schema-graph\">{\"@context\":\"https:\/\/schema.org\",\"@graph\":[{\"@type\":\"WebPage\",\"@id\":\"https:\/\/firmen.thelen-gruppe.com\/tkh\/datenschutz\/\",\"url\":\"https:\/\/firmen.thelen-gruppe.com\/tkh\/datenschutz\/\",\"name\":\"Datenschutz - TK Handwerksleistungen GmbH\",\"isPartOf\":{\"@id\":\"https:\/\/firmen.thelen-gruppe.com\/tkh\/#website\"},\"primaryImageOfPage\":{\"@id\":\"https:\/\/firmen.thelen-gruppe.com\/tkh\/datenschutz\/#primaryimage\"},\"image\":{\"@id\":\"https:\/\/firmen.thelen-gruppe.com\/tkh\/datenschutz\/#primaryimage\"},\"thumbnailUrl\":\"https:\/\/firmen.thelen-gruppe.com\/tkh\/wp-content\/uploads\/sites\/3\/2022\/02\/AdobeStock_2581-scaled-e1645185216527.jpeg\",\"datePublished\":\"2022-01-19T11:48:31+00:00\",\"dateModified\":\"2022-02-18T11:53:41+00:00\",\"breadcrumb\":{\"@id\":\"https:\/\/firmen.thelen-gruppe.com\/tkh\/datenschutz\/#breadcrumb\"},\"inLanguage\":\"de\",\"potentialAction\":[{\"@type\":\"ReadAction\",\"target\":[\"https:\/\/firmen.thelen-gruppe.com\/tkh\/datenschutz\/\"]}]},{\"@type\":\"ImageObject\",\"inLanguage\":\"de\",\"@id\":\"https:\/\/firmen.thelen-gruppe.com\/tkh\/datenschutz\/#primaryimage\",\"url\":\"https:\/\/firmen.thelen-gruppe.com\/tkh\/wp-content\/uploads\/sites\/3\/2022\/02\/AdobeStock_2581-scaled-e1645185216527.jpeg\",\"contentUrl\":\"https:\/\/firmen.thelen-gruppe.com\/tkh\/wp-content\/uploads\/sites\/3\/2022\/02\/AdobeStock_2581-scaled-e1645185216527.jpeg\",\"width\":2560,\"height\":1324},{\"@type\":\"BreadcrumbList\",\"@id\":\"https:\/\/firmen.thelen-gruppe.com\/tkh\/datenschutz\/#breadcrumb\",\"itemListElement\":[{\"@type\":\"ListItem\",\"position\":1,\"name\":\"Startseite\",\"item\":\"https:\/\/firmen.thelen-gruppe.com\/tkh\/\"},{\"@type\":\"ListItem\",\"position\":2,\"name\":\"Datenschutz\"}]},{\"@type\":\"WebSite\",\"@id\":\"https:\/\/firmen.thelen-gruppe.com\/tkh\/#website\",\"url\":\"https:\/\/firmen.thelen-gruppe.com\/tkh\/\",\"name\":\"TK Handwerksleistungen GmbH\",\"description\":\"Bau Ausbau Inneneinrichtung\",\"publisher\":{\"@id\":\"https:\/\/firmen.thelen-gruppe.com\/tkh\/#organization\"},\"potentialAction\":[{\"@type\":\"SearchAction\",\"target\":{\"@type\":\"EntryPoint\",\"urlTemplate\":\"https:\/\/firmen.thelen-gruppe.com\/tkh\/?s={search_term_string}\"},\"query-input\":{\"@type\":\"PropertyValueSpecification\",\"valueRequired\":true,\"valueName\":\"search_term_string\"}}],\"inLanguage\":\"de\"},{\"@type\":\"Organization\",\"@id\":\"https:\/\/firmen.thelen-gruppe.com\/tkh\/#organization\",\"name\":\"TK Handwerksleistungen GmbH\",\"url\":\"https:\/\/firmen.thelen-gruppe.com\/tkh\/\",\"logo\":{\"@type\":\"ImageObject\",\"inLanguage\":\"de\",\"@id\":\"https:\/\/firmen.thelen-gruppe.com\/tkh\/#\/schema\/logo\/image\/\",\"url\":\"https:\/\/firmen.thelen-gruppe.com\/tkh\/wp-content\/uploads\/sites\/3\/2022\/01\/tk-handwerksleistungen.svg\",\"contentUrl\":\"https:\/\/firmen.thelen-gruppe.com\/tkh\/wp-content\/uploads\/sites\/3\/2022\/01\/tk-handwerksleistungen.svg\",\"width\":\"1024\",\"height\":\"1024\",\"caption\":\"TK Handwerksleistungen GmbH\"},\"image\":{\"@id\":\"https:\/\/firmen.thelen-gruppe.com\/tkh\/#\/schema\/logo\/image\/\"}}]}<\/script>\n<!-- \/ Yoast SEO plugin. -->","yoast_head_json":{"title":"Datenschutz - TK Handwerksleistungen GmbH","robots":{"index":"index","follow":"follow","max-snippet":"max-snippet:-1","max-image-preview":"max-image-preview:large","max-video-preview":"max-video-preview:-1"},"canonical":"https:\/\/firmen.thelen-gruppe.com\/tkh\/datenschutz\/","og_locale":"de_DE","og_type":"article","og_title":"Datenschutz - TK Handwerksleistungen GmbH","og_url":"https:\/\/firmen.thelen-gruppe.com\/tkh\/datenschutz\/","og_site_name":"TK Handwerksleistungen GmbH","article_modified_time":"2022-02-18T11:53:41+00:00","og_image":[{"width":2560,"height":1324,"url":"https:\/\/firmen.thelen-gruppe.com\/tkh\/wp-content\/uploads\/sites\/3\/2022\/02\/AdobeStock_2581-scaled-e1645185216527.jpeg","type":"image\/jpeg"}],"twitter_card":"summary_large_image","twitter_misc":{"Gesch\u00e4tzte Lesezeit":"14\u00a0Minuten"},"schema":{"@context":"https:\/\/schema.org","@graph":[{"@type":"WebPage","@id":"https:\/\/firmen.thelen-gruppe.com\/tkh\/datenschutz\/","url":"https:\/\/firmen.thelen-gruppe.com\/tkh\/datenschutz\/","name":"Datenschutz - TK Handwerksleistungen GmbH","isPartOf":{"@id":"https:\/\/firmen.thelen-gruppe.com\/tkh\/#website"},"primaryImageOfPage":{"@id":"https:\/\/firmen.thelen-gruppe.com\/tkh\/datenschutz\/#primaryimage"},"image":{"@id":"https:\/\/firmen.thelen-gruppe.com\/tkh\/datenschutz\/#primaryimage"},"thumbnailUrl":"https:\/\/firmen.thelen-gruppe.com\/tkh\/wp-content\/uploads\/sites\/3\/2022\/02\/AdobeStock_2581-scaled-e1645185216527.jpeg","datePublished":"2022-01-19T11:48:31+00:00","dateModified":"2022-02-18T11:53:41+00:00","breadcrumb":{"@id":"https:\/\/firmen.thelen-gruppe.com\/tkh\/datenschutz\/#breadcrumb"},"inLanguage":"de","potentialAction":[{"@type":"ReadAction","target":["https:\/\/firmen.thelen-gruppe.com\/tkh\/datenschutz\/"]}]},{"@type":"ImageObject","inLanguage":"de","@id":"https:\/\/firmen.thelen-gruppe.com\/tkh\/datenschutz\/#primaryimage","url":"https:\/\/firmen.thelen-gruppe.com\/tkh\/wp-content\/uploads\/sites\/3\/2022\/02\/AdobeStock_2581-scaled-e1645185216527.jpeg","contentUrl":"https:\/\/firmen.thelen-gruppe.com\/tkh\/wp-content\/uploads\/sites\/3\/2022\/02\/AdobeStock_2581-scaled-e1645185216527.jpeg","width":2560,"height":1324},{"@type":"BreadcrumbList","@id":"https:\/\/firmen.thelen-gruppe.com\/tkh\/datenschutz\/#breadcrumb","itemListElement":[{"@type":"ListItem","position":1,"name":"Startseite","item":"https:\/\/firmen.thelen-gruppe.com\/tkh\/"},{"@type":"ListItem","position":2,"name":"Datenschutz"}]},{"@type":"WebSite","@id":"https:\/\/firmen.thelen-gruppe.com\/tkh\/#website","url":"https:\/\/firmen.thelen-gruppe.com\/tkh\/","name":"TK Handwerksleistungen GmbH","description":"Bau Ausbau Inneneinrichtung","publisher":{"@id":"https:\/\/firmen.thelen-gruppe.com\/tkh\/#organization"},"potentialAction":[{"@type":"SearchAction","target":{"@type":"EntryPoint","urlTemplate":"https:\/\/firmen.thelen-gruppe.com\/tkh\/?s={search_term_string}"},"query-input":{"@type":"PropertyValueSpecification","valueRequired":true,"valueName":"search_term_string"}}],"inLanguage":"de"},{"@type":"Organization","@id":"https:\/\/firmen.thelen-gruppe.com\/tkh\/#organization","name":"TK Handwerksleistungen GmbH","url":"https:\/\/firmen.thelen-gruppe.com\/tkh\/","logo":{"@type":"ImageObject","inLanguage":"de","@id":"https:\/\/firmen.thelen-gruppe.com\/tkh\/#\/schema\/logo\/image\/","url":"https:\/\/firmen.thelen-gruppe.com\/tkh\/wp-content\/uploads\/sites\/3\/2022\/01\/tk-handwerksleistungen.svg","contentUrl":"https:\/\/firmen.thelen-gruppe.com\/tkh\/wp-content\/uploads\/sites\/3\/2022\/01\/tk-handwerksleistungen.svg","width":"1024","height":"1024","caption":"TK Handwerksleistungen GmbH"},"image":{"@id":"https:\/\/firmen.thelen-gruppe.com\/tkh\/#\/schema\/logo\/image\/"}}]}},"_links":{"self":[{"href":"https:\/\/firmen.thelen-gruppe.com\/tkh\/wp-json\/wp\/v2\/pages\/62","targetHints":{"allow":["GET"]}}],"collection":[{"href":"https:\/\/firmen.thelen-gruppe.com\/tkh\/wp-json\/wp\/v2\/pages"}],"about":[{"href":"https:\/\/firmen.thelen-gruppe.com\/tkh\/wp-json\/wp\/v2\/types\/page"}],"author":[{"embeddable":true,"href":"https:\/\/firmen.thelen-gruppe.com\/tkh\/wp-json\/wp\/v2\/users\/1"}],"replies":[{"embeddable":true,"href":"https:\/\/firmen.thelen-gruppe.com\/tkh\/wp-json\/wp\/v2\/comments?post=62"}],"version-history":[{"count":3,"href":"https:\/\/firmen.thelen-gruppe.com\/tkh\/wp-json\/wp\/v2\/pages\/62\/revisions"}],"predecessor-version":[{"id":94,"href":"https:\/\/firmen.thelen-gruppe.com\/tkh\/wp-json\/wp\/v2\/pages\/62\/revisions\/94"}],"wp:featuredmedia":[{"embeddable":true,"href":"https:\/\/firmen.thelen-gruppe.com\/tkh\/wp-json\/wp\/v2\/media\/155"}],"wp:attachment":[{"href":"https:\/\/firmen.thelen-gruppe.com\/tkh\/wp-json\/wp\/v2\/media?parent=62"}],"curies":[{"name":"wp","href":"https:\/\/api.w.org\/{rel}","templated":true}]}}