{"id":138,"date":"2025-06-26T08:45:29","date_gmt":"2025-06-26T06:45:29","guid":{"rendered":"https:\/\/firmen.thelen-gruppe.com\/tser\/?page_id=138"},"modified":"2025-06-26T14:22:31","modified_gmt":"2025-06-26T12:22:31","slug":"impressum","status":"publish","type":"page","link":"https:\/\/firmen.thelen-gruppe.com\/tser\/impressum\/","title":{"rendered":"Impressum"},"content":{"rendered":"<p><div class=\"fusion-fullwidth fullwidth-box fusion-builder-row-1 fusion-flex-container has-pattern-background has-mask-background fusion-parallax-none nonhundred-percent-fullwidth non-hundred-percent-height-scrolling lazyload\" style=\"--awb-background-position:left center;--awb-border-radius-top-left:0px;--awb-border-radius-top-right:0px;--awb-border-radius-bottom-right:0px;--awb-border-radius-bottom-left:0px;--awb-padding-top:76px;--awb-padding-bottom:76px;--awb-background-size:115%;--awb-flex-wrap:wrap;\" data-bg=\"https:\/\/firmen.thelen-gruppe.com\/tser\/wp-content\/uploads\/sites\/36\/2025\/06\/AdobeStock_795422722-scaled.jpeg\" ><div class=\"fusion-builder-row fusion-row fusion-flex-align-items-flex-start fusion-flex-justify-content-center fusion-flex-content-wrap\" style=\"max-width:1248px;margin-left: calc(-4% \/ 2 );margin-right: calc(-4% \/ 2 );\"><div class=\"fusion-layout-column fusion_builder_column fusion-builder-column-0 fusion_builder_column_1_2 1_2 fusion-flex-column fusion-flex-align-self-stretch\" style=\"--awb-padding-top:30px;--awb-padding-right:75px;--awb-padding-bottom:100px;--awb-padding-left:60px;--awb-bg-color:var(--awb-color4);--awb-bg-color-hover:var(--awb-color4);--awb-bg-size:cover;--awb-width-large:50%;--awb-margin-top-large:60px;--awb-spacing-right-large:0;--awb-margin-bottom-large:60px;--awb-spacing-left-large:3.84%;--awb-width-medium:50%;--awb-order-medium:0;--awb-spacing-right-medium:0;--awb-spacing-left-medium:3.84%;--awb-width-small:100%;--awb-order-small:0;--awb-spacing-right-small:1.92%;--awb-spacing-left-small:1.92%;\" data-motion-effects=\"[{&quot;type&quot;:&quot;&quot;,&quot;scroll_type&quot;:&quot;transition&quot;,&quot;scroll_direction&quot;:&quot;up&quot;,&quot;transition_speed&quot;:&quot;1&quot;,&quot;fade_type&quot;:&quot;in&quot;,&quot;scale_type&quot;:&quot;up&quot;,&quot;initial_scale&quot;:&quot;1&quot;,&quot;max_scale&quot;:&quot;1.5&quot;,&quot;min_scale&quot;:&quot;0.5&quot;,&quot;initial_rotate&quot;:&quot;0&quot;,&quot;end_rotate&quot;:&quot;30&quot;,&quot;initial_blur&quot;:&quot;0&quot;,&quot;end_blur&quot;:&quot;3&quot;,&quot;start_element&quot;:&quot;top&quot;,&quot;start_viewport&quot;:&quot;bottom&quot;,&quot;end_element&quot;:&quot;bottom&quot;,&quot;end_viewport&quot;:&quot;top&quot;,&quot;mouse_effect&quot;:&quot;track&quot;,&quot;mouse_effect_direction&quot;:&quot;opposite&quot;,&quot;mouse_effect_speed&quot;:&quot;2&quot;,&quot;infinite_animation&quot;:&quot;float&quot;,&quot;infinite_animation_speed&quot;:&quot;2&quot;}]\" data-scroll-devices=\"small-visibility,medium-visibility,large-visibility\"><div class=\"fusion-column-wrapper fusion-column-has-shadow fusion-flex-justify-content-flex-start fusion-content-layout-column\"><div class=\"fusion-text fusion-text-1\"><h6>TSER Erd- &amp; R\u00fcckbau \u2022 Recycling<\/h6>\n<h1 class=\"\" data-fontsize=\"60\" data-lineheight=\"69.6px\">Impressum<\/h1>\n<h6>\/\/\/\/\/\/\/\/\/\/\/\/\/\/\/\/\/\/\/\/\/\/\/\/\/\/\/\/\/\/\/\/\/\/\/\/\/\/\/\/\/\/\/\/\/\/\/\/\/\/\/\/\/\/\/\/<\/h6>\n<\/div><\/div><\/div><div class=\"fusion-layout-column fusion_builder_column fusion-builder-column-1 fusion_builder_column_1_2 1_2 fusion-flex-column fusion-flex-align-self-stretch\" style=\"--awb-bg-size:cover;--awb-border-color:var(--awb-color4);--awb-border-top:5px;--awb-border-right:5px;--awb-border-bottom:5px;--awb-border-left:5px;--awb-border-style:solid;--awb-width-large:50%;--awb-margin-top-large:60px;--awb-spacing-right-large:3.84%;--awb-margin-bottom-large:60px;--awb-spacing-left-large:0;--awb-width-medium:50%;--awb-order-medium:0;--awb-spacing-right-medium:3.84%;--awb-spacing-left-medium:0;--awb-width-small:100%;--awb-order-small:0;--awb-spacing-right-small:1.92%;--awb-spacing-left-small:1.92%;\" data-motion-effects=\"[{&quot;type&quot;:&quot;&quot;,&quot;scroll_type&quot;:&quot;transition&quot;,&quot;scroll_direction&quot;:&quot;up&quot;,&quot;transition_speed&quot;:&quot;1&quot;,&quot;fade_type&quot;:&quot;in&quot;,&quot;scale_type&quot;:&quot;up&quot;,&quot;initial_scale&quot;:&quot;1&quot;,&quot;max_scale&quot;:&quot;1.5&quot;,&quot;min_scale&quot;:&quot;0.5&quot;,&quot;initial_rotate&quot;:&quot;0&quot;,&quot;end_rotate&quot;:&quot;30&quot;,&quot;initial_blur&quot;:&quot;0&quot;,&quot;end_blur&quot;:&quot;3&quot;,&quot;start_element&quot;:&quot;top&quot;,&quot;start_viewport&quot;:&quot;bottom&quot;,&quot;end_element&quot;:&quot;bottom&quot;,&quot;end_viewport&quot;:&quot;top&quot;,&quot;mouse_effect&quot;:&quot;track&quot;,&quot;mouse_effect_direction&quot;:&quot;opposite&quot;,&quot;mouse_effect_speed&quot;:&quot;2&quot;,&quot;infinite_animation&quot;:&quot;float&quot;,&quot;infinite_animation_speed&quot;:&quot;2&quot;}]\" data-scroll-devices=\"small-visibility,medium-visibility,large-visibility\"><div class=\"fusion-column-wrapper fusion-column-has-shadow fusion-flex-justify-content-flex-start fusion-content-layout-column\"><\/div><\/div><\/div><\/div><div class=\"fusion-fullwidth fullwidth-box fusion-builder-row-2 fusion-flex-container has-pattern-background has-mask-background nonhundred-percent-fullwidth non-hundred-percent-height-scrolling\" style=\"--awb-border-radius-top-left:0px;--awb-border-radius-top-right:0px;--awb-border-radius-bottom-right:0px;--awb-border-radius-bottom-left:0px;--awb-padding-top:4%;--awb-padding-right:4%;--awb-padding-bottom:4%;--awb-padding-left:4%;--awb-background-color:var(--awb-color2);--awb-flex-wrap:wrap;\" ><div class=\"fusion-builder-row fusion-row fusion-flex-align-items-flex-start fusion-flex-content-wrap\" style=\"max-width:1248px;margin-left: calc(-4% \/ 2 );margin-right: calc(-4% \/ 2 );\"><div class=\"fusion-layout-column fusion_builder_column fusion-builder-column-2 fusion_builder_column_2_5 2_5 fusion-flex-column\" style=\"--awb-bg-size:cover;--awb-width-large:40%;--awb-margin-top-large:0px;--awb-spacing-right-large:4.8%;--awb-margin-bottom-large:20px;--awb-spacing-left-large:4.8%;--awb-width-medium:40%;--awb-order-medium:0;--awb-spacing-right-medium:4.8%;--awb-spacing-left-medium:4.8%;--awb-width-small:100%;--awb-order-small:0;--awb-spacing-right-small:1.92%;--awb-spacing-left-small:1.92%;\"><div class=\"fusion-column-wrapper fusion-column-has-shadow fusion-flex-justify-content-flex-start fusion-content-layout-column\"><div class=\"fusion-text fusion-text-2\"><h2>Betreiber der Website<\/h2>\n<\/div><div class=\"fusion-text fusion-text-3\"><div class=\"fusion-text fusion-text-3\">\n<p><span style=\"color: #fbba00;\"><strong>\/\/\/\/\/\/\/\/\/\/\/\/\/\/\/\/\/\/\/\/\/\/\/\/\/\/\/\/\/\/\/\/\/\/\/\/\/\/\/<\/strong><\/span><\/p>\n<\/div>\n<\/div><div class=\"fusion-separator fusion-full-width-sep\" style=\"align-self: center;margin-left: auto;margin-right: auto;margin-top:4%;width:100%;\"><\/div><div class=\"fusion-text fusion-text-4\"><p><strong>TSER Thelen S\u00fcd-Erdbau-R\u00fcckbau GmbH<\/strong><\/p>\n<\/div><ul style=\"--awb-iconcolor:var(--awb-color6);--awb-textcolor:var(--awb-color6);--awb-line-height:27.2px;--awb-icon-width:27.2px;--awb-icon-height:27.2px;--awb-icon-margin:11.2px;--awb-content-margin:38.4px;\" class=\"fusion-checklist fusion-checklist-1 fusion-checklist-default type-icons\"><li class=\"fusion-li-item\" style=\"\"><span class=\"icon-wrapper circle-no\"><i class=\"fusion-li-icon fa-map-marker-alt fas\" aria-hidden=\"true\"><\/i><\/span><div class=\"fusion-li-item-content\">\n<p>Alfredstra\u00dfe 150 \u2022 45131 Essen<\/p>\n<\/div><\/li><li class=\"fusion-li-item\" style=\"\"><span class=\"icon-wrapper circle-no\"><i class=\"fusion-li-icon fa-phone-alt fas\" aria-hidden=\"true\"><\/i><\/span><div class=\"fusion-li-item-content\">\n<p>+49 201 507 90 0<\/p>\n<\/div><\/li><\/ul><div class=\"fusion-separator fusion-full-width-sep\" style=\"align-self: center;margin-left: auto;margin-right: auto;margin-top:4%;width:100%;\"><\/div><div class=\"fusion-text fusion-text-5\"><p><strong>Betriebsst\u00e4tte<\/strong><\/p>\n<\/div><ul style=\"--awb-iconcolor:var(--awb-color6);--awb-textcolor:var(--awb-color6);--awb-line-height:27.2px;--awb-icon-width:27.2px;--awb-icon-height:27.2px;--awb-icon-margin:11.2px;--awb-content-margin:38.4px;\" class=\"fusion-checklist fusion-checklist-2 fusion-checklist-default type-icons\"><li class=\"fusion-li-item\" style=\"\"><span class=\"icon-wrapper circle-no\"><i class=\"fusion-li-icon fa-map-marker-alt fas\" aria-hidden=\"true\"><\/i><\/span><div class=\"fusion-li-item-content\">\n<p>Adresse Hausnummer \u2022 PLZ Stadt<\/p>\n<\/div><\/li><li class=\"fusion-li-item\" style=\"\"><span class=\"icon-wrapper circle-no\"><i class=\"fusion-li-icon fa-phone-alt fas\" aria-hidden=\"true\"><\/i><\/span><div class=\"fusion-li-item-content\">\n<p>+49 &#8230; &#8230; &#8230; &#8230;<\/p>\n<\/div><\/li><li class=\"fusion-li-item\" style=\"\"><span class=\"icon-wrapper circle-no\"><i class=\"fusion-li-icon fa-envelope fas\" aria-hidden=\"true\"><\/i><\/span><div class=\"fusion-li-item-content\">\n<p>info@domain.de<\/p>\n<\/div><\/li><\/ul><div class=\"fusion-separator fusion-full-width-sep\" style=\"align-self: center;margin-left: auto;margin-right: auto;margin-top:4%;width:100%;\"><\/div><div class=\"fusion-text fusion-text-6\"><p>Handelsregister &#8230; \u2022 HRB &#8230;<\/p>\n<p>Vertretungsberechtigte Gesch\u00e4ftsf\u00fchrer:<br \/>\nWolfgang Thelen,<br \/>\nChristoph Thelen<\/p>\n<p>USt-Id. Organtr\u00e4ger:<br \/>\nAREAL Holding GmbH DE296354511<\/p>\n<p>Verantwortliche gem\u00e4\u00df \u00a7 18 Abs. 2 MStV:<br \/>\nWolfgang Thelen,<br \/>\nChristoph Thelen<\/p>\n<p><strong>Au\u00dfergerichtliche Streitbeilegung<\/strong><\/p>\n<p>Die Thelen Holding GmbH sowie die mit ihr verbundenen Unternehmen sind nicht verpflichtet und bereit, an Streitbeilegungsverfahren im Sinne des Verbraucherstreitbeilegungsgesetzes teilzunehmen.<\/p>\n<p>Die EU-Kommission stellt eine Plattform zur Online-Streitbeilegung (OS-Plattform) verbraucherrechtlicher Streitigkeiten bereit, die aus Online-Kaufvertr\u00e4gen und Online-Dienstleistungsvertr\u00e4gen resultieren. Diese Plattform erreichen Sie im Internet unter: <a href=\"https:\/\/ec.europa.eu\/consumers\/odr\/\">https:\/\/ec.europa.eu\/consumers\/odr\/<\/a><\/p>\n<\/div><div class=\"fusion-separator fusion-full-width-sep\" style=\"align-self: center;margin-left: auto;margin-right: auto;margin-top:4%;width:100%;\"><\/div><div class=\"fusion-text fusion-text-7\"><h2>Bildnachweis<\/h2>\n<\/div><div class=\"fusion-text fusion-text-8\"><div class=\"fusion-text fusion-text-3\">\n<p><span style=\"color: #fbba00;\"><strong>\/\/\/\/\/\/\/\/\/\/\/\/\/\/\/\/\/\/\/\/\/\/\/\/\/\/\/\/\/\/\/\/\/\/\/\/\/\/\/<\/strong><\/span><\/p>\n<\/div>\n<\/div><div class=\"fusion-text fusion-text-9\"><p>Bildmaterial: Home, Leistungen, Thelen Gruppe, Karriere, Kontakt, Impressum, Datenschutz &#8211; Adobe Stock<\/p>\n<\/div><div class=\"fusion-image-element \" style=\"--awb-max-width:170px;--awb-caption-title-font-family:var(--h2_typography-font-family);--awb-caption-title-font-weight:var(--h2_typography-font-weight);--awb-caption-title-font-style:var(--h2_typography-font-style);--awb-caption-title-size:var(--h2_typography-font-size);--awb-caption-title-transform:var(--h2_typography-text-transform);--awb-caption-title-line-height:var(--h2_typography-line-height);--awb-caption-title-letter-spacing:var(--h2_typography-letter-spacing);\"><span class=\" fusion-imageframe imageframe-none imageframe-1 hover-type-none\"><img decoding=\"async\" width=\"700\" height=\"149\" title=\"stock_logo_2020_white\" src=\"data:image\/svg+xml,%3Csvg%20xmlns%3D%27http%3A%2F%2Fwww.w3.org%2F2000%2Fsvg%27%20width%3D%27700%27%20height%3D%27149%27%20viewBox%3D%270%200%20700%20149%27%3E%3Crect%20width%3D%27700%27%20height%3D%27149%27%20fill-opacity%3D%220%22%2F%3E%3C%2Fsvg%3E\" data-orig-src=\"https:\/\/firmen.thelen-gruppe.com\/tser\/wp-content\/uploads\/sites\/36\/2025\/06\/stock_logo_2020_white.svg\" alt class=\"lazyload img-responsive wp-image-114\"\/><\/span><\/div><\/div><\/div><div class=\"fusion-layout-column fusion_builder_column fusion-builder-column-3 fusion_builder_column_3_5 3_5 fusion-flex-column\" style=\"--awb-bg-size:cover;--awb-width-large:60%;--awb-margin-top-large:0px;--awb-spacing-right-large:3.2%;--awb-margin-bottom-large:20px;--awb-spacing-left-large:3.2%;--awb-width-medium:60%;--awb-order-medium:0;--awb-spacing-right-medium:3.2%;--awb-spacing-left-medium:3.2%;--awb-width-small:100%;--awb-order-small:0;--awb-spacing-right-small:1.92%;--awb-spacing-left-small:1.92%;\"><div class=\"fusion-column-wrapper fusion-column-has-shadow fusion-flex-justify-content-flex-start fusion-content-layout-column\"><div class=\"fusion-text fusion-text-10\"><h2>Haftungsausschluss &#8211; Disclaimer:<\/h2>\n<\/div><div class=\"fusion-text fusion-text-11\"><div class=\"fusion-text fusion-text-3\">\n<p><span style=\"color: #fbba00;\"><strong>\/\/\/\/\/\/\/\/\/\/\/\/\/\/\/\/\/\/\/\/\/\/\/\/\/\/\/\/\/\/\/\/\/\/\/\/\/\/\/<\/strong><\/span><\/p>\n<\/div>\n<\/div><div class=\"fusion-separator fusion-full-width-sep\" style=\"align-self: center;margin-left: auto;margin-right: auto;margin-top:4%;width:100%;\"><\/div><div class=\"fusion-text fusion-text-12\"><p><strong>Haftung f\u00fcr Inhalte<\/strong><\/p>\n<p>Alle Inhalte unseres Internetauftritts wurden mit gr\u00f6\u00dfter Sorgfalt und nach bestem Gewissen erstellt. F\u00fcr die Richtigkeit, Vollst\u00e4ndigkeit und Aktualit\u00e4t der Inhalte k\u00f6nnen wir jedoch keine Gew\u00e4hr \u00fcbernehmen. Als Diensteanbieter sind wir gem\u00e4\u00df Digitale-Dienste-Gesetz (DDG) f\u00fcr eigene Inhalte auf diesen Seiten nach den allgemeinen Gesetzen verantwortlich. Nach Digitale-Dienste-Gesetz (DDG) sind wir als Diensteanbieter jedoch nicht verpflichtet, \u00fcbermittelte oder gespeicherte fremde Informationen zu \u00fcberwachen oder nach Umst\u00e4nden zu forschen, die auf eine rechtswidrige T\u00e4tigkeit hinweisen. Verpflichtungen zur Entfernung oder Sperrung der Nutzung von Informationen nach den allgemeinen Gesetzen bleiben hiervon unber\u00fchrt.<\/p>\n<p>Eine diesbez\u00fcgliche Haftung ist jedoch erst ab dem Zeitpunkt der Kenntniserlangung einer konkreten Rechtsverletzung m\u00f6glich. Bei Bekanntwerden von den o.g. Rechtsverletzungen werden wir diese Inhalte unverz\u00fcglich entfernen.<\/p>\n<p><strong>Haftungsbeschr\u00e4nkung f\u00fcr externe Links<\/strong><\/p>\n<p>Unsere Webseite enth\u00e4lt Links auf externe Webseiten Dritter. Auf die Inhalte dieser direkt oder indirekt verlinkten Webseiten haben wir keinen Einfluss. Daher k\u00f6nnen wir f\u00fcr die \u201eexternen Links\u201c auch keine Gew\u00e4hr auf Richtigkeit der Inhalte \u00fcbernehmen. F\u00fcr die Inhalte der externen Links sind die jeweilige Anbieter oder Betreiber (Urheber) der Seiten verantwortlich.<\/p>\n<p>Die externen Links wurden zum Zeitpunkt der Linksetzung auf eventuelle Rechtsverst\u00f6\u00dfe \u00fcberpr\u00fcft und waren im Zeitpunkt der Linksetzung frei von rechtswidrigen Inhalten. Eine st\u00e4ndige inhaltliche \u00dcberpr\u00fcfung der externen Links ist ohne konkrete Anhaltspunkte einer Rechtsverletzung nicht m\u00f6glich. Bei direkten oder indirekten Verlinkungen auf die Webseiten Dritter, die au\u00dferhalb unseres Verantwortungsbereichs liegen, w\u00fcrde eine Haftungsverpflichtung ausschlie\u00dflich in dem Fall nur bestehen, wenn wir von den Inhalten Kenntnis erlangen und es uns technisch m\u00f6glich und zumutbar w\u00e4re, die Nutzung im Falle rechtswidriger Inhalte zu verhindern.<\/p>\n<p>Diese Haftungsausschlusserkl\u00e4rung gilt auch innerhalb des eigenen Internetauftrittes gesetzten Links und Verweise von Fragestellern, Blogeintr\u00e4gern, G\u00e4sten des Diskussionsforums. F\u00fcr illegale, fehlerhafte oder unvollst\u00e4ndige Inhalte und insbesondere f\u00fcr Sch\u00e4den, die aus der Nutzung oder Nichtnutzung solcherart dargestellten Informationen entstehen, haftet allein der Diensteanbieter der Seite, auf welche verwiesen wurde, nicht derjenige, der \u00fcber Links auf die jeweilige Ver\u00f6ffentlichung lediglich verweist.<\/p>\n<p>Werden uns Rechtsverletzungen bekannt, werden die externen Links durch uns unverz\u00fcglich entfernt.<\/p>\n<p><strong>Urheberrecht<\/strong><\/p>\n<p>Die auf unserer Webseite ver\u00f6ffentlichen Inhalte und Werke unterliegen dem deutschen Urheberrecht (<a href=\"http:\/\/www.gesetze-im-internet.de\/bundesrecht\/urhg\/gesamt.pdf\" target=\"_blank\" rel=\"noreferrer noopener\">http:\/\/www.gesetze-im-internet.de\/bundesrecht\/urhg\/gesamt.pdf<\/a>) . Die Vervielf\u00e4ltigung, Bearbeitung, Verbreitung und jede Art der Verwertung des geistigen Eigentums in ideeller und materieller Sicht des Urhebers au\u00dferhalb der Grenzen des Urheberrechtes bed\u00fcrfen der vorherigen schriftlichen Zustimmung des jeweiligen Urhebers i.S.d. Urhebergesetzes (<a href=\"http:\/\/www.gesetze-im-internet.de\/bundesrecht\/urhg\/gesamt.pdf\" target=\"_blank\" rel=\"noreferrer noopener\">http:\/\/www.gesetze-im-internet.de\/bundesrecht\/urhg\/gesamt.pdf<\/a> ). Downloads und Kopien dieser Seite sind nur f\u00fcr den privaten und nicht kommerziellen Gebrauch erlaubt. Sind die Inhalte auf unserer Webseite nicht von uns erstellt wurden, sind die Urheberrechte Dritter zu beachten. Die Inhalte Dritter werden als solche kenntlich gemacht. Sollten Sie trotzdem auf eine Urheberrechtsverletzung aufmerksam werden, bitten wir um einen entsprechenden Hinweis. Bei Bekanntwerden von Rechtsverletzungen werden wir derartige Inhalte unverz\u00fcglich entfernen.<\/p>\n<\/div><\/div><\/div><\/div><\/div><\/p>\n","protected":false},"excerpt":{"rendered":"","protected":false},"author":1,"featured_media":0,"parent":0,"menu_order":5,"comment_status":"closed","ping_status":"closed","template":"100-width.php","meta":{"inline_featured_image":false,"footnotes":""},"class_list":["post-138","page","type-page","status-publish","hentry"],"yoast_head":"<!-- This site is optimized with the Yoast SEO plugin v23.6 - https:\/\/yoast.com\/wordpress\/plugins\/seo\/ -->\n<title>Impressum - TSER<\/title>\n<meta name=\"robots\" content=\"index, follow, max-snippet:-1, max-image-preview:large, max-video-preview:-1\" \/>\n<link rel=\"canonical\" href=\"https:\/\/firmen.thelen-gruppe.com\/tser\/impressum\/\" \/>\n<meta property=\"og:locale\" content=\"de_DE\" \/>\n<meta property=\"og:type\" content=\"article\" \/>\n<meta property=\"og:title\" content=\"Impressum - TSER\" \/>\n<meta property=\"og:url\" content=\"https:\/\/firmen.thelen-gruppe.com\/tser\/impressum\/\" \/>\n<meta property=\"og:site_name\" content=\"TSER\" \/>\n<meta property=\"article:modified_time\" content=\"2025-06-26T12:22:31+00:00\" \/>\n<meta name=\"twitter:card\" content=\"summary_large_image\" \/>\n<meta name=\"twitter:label1\" content=\"Gesch\u00e4tzte Lesezeit\" \/>\n\t<meta name=\"twitter:data1\" content=\"4\u00a0Minuten\" \/>\n<script type=\"application\/ld+json\" class=\"yoast-schema-graph\">{\"@context\":\"https:\/\/schema.org\",\"@graph\":[{\"@type\":\"WebPage\",\"@id\":\"https:\/\/firmen.thelen-gruppe.com\/tser\/impressum\/\",\"url\":\"https:\/\/firmen.thelen-gruppe.com\/tser\/impressum\/\",\"name\":\"Impressum - TSER\",\"isPartOf\":{\"@id\":\"https:\/\/firmen.thelen-gruppe.com\/tser\/#website\"},\"datePublished\":\"2025-06-26T06:45:29+00:00\",\"dateModified\":\"2025-06-26T12:22:31+00:00\",\"breadcrumb\":{\"@id\":\"https:\/\/firmen.thelen-gruppe.com\/tser\/impressum\/#breadcrumb\"},\"inLanguage\":\"de\",\"potentialAction\":[{\"@type\":\"ReadAction\",\"target\":[\"https:\/\/firmen.thelen-gruppe.com\/tser\/impressum\/\"]}]},{\"@type\":\"BreadcrumbList\",\"@id\":\"https:\/\/firmen.thelen-gruppe.com\/tser\/impressum\/#breadcrumb\",\"itemListElement\":[{\"@type\":\"ListItem\",\"position\":1,\"name\":\"Startseite\",\"item\":\"https:\/\/firmen.thelen-gruppe.com\/tser\/\"},{\"@type\":\"ListItem\",\"position\":2,\"name\":\"Impressum\"}]},{\"@type\":\"WebSite\",\"@id\":\"https:\/\/firmen.thelen-gruppe.com\/tser\/#website\",\"url\":\"https:\/\/firmen.thelen-gruppe.com\/tser\/\",\"name\":\"TSER\",\"description\":\"\",\"potentialAction\":[{\"@type\":\"SearchAction\",\"target\":{\"@type\":\"EntryPoint\",\"urlTemplate\":\"https:\/\/firmen.thelen-gruppe.com\/tser\/?s={search_term_string}\"},\"query-input\":{\"@type\":\"PropertyValueSpecification\",\"valueRequired\":true,\"valueName\":\"search_term_string\"}}],\"inLanguage\":\"de\"}]}<\/script>\n<!-- \/ Yoast SEO plugin. -->","yoast_head_json":{"title":"Impressum - TSER","robots":{"index":"index","follow":"follow","max-snippet":"max-snippet:-1","max-image-preview":"max-image-preview:large","max-video-preview":"max-video-preview:-1"},"canonical":"https:\/\/firmen.thelen-gruppe.com\/tser\/impressum\/","og_locale":"de_DE","og_type":"article","og_title":"Impressum - TSER","og_url":"https:\/\/firmen.thelen-gruppe.com\/tser\/impressum\/","og_site_name":"TSER","article_modified_time":"2025-06-26T12:22:31+00:00","twitter_card":"summary_large_image","twitter_misc":{"Gesch\u00e4tzte Lesezeit":"4\u00a0Minuten"},"schema":{"@context":"https:\/\/schema.org","@graph":[{"@type":"WebPage","@id":"https:\/\/firmen.thelen-gruppe.com\/tser\/impressum\/","url":"https:\/\/firmen.thelen-gruppe.com\/tser\/impressum\/","name":"Impressum - TSER","isPartOf":{"@id":"https:\/\/firmen.thelen-gruppe.com\/tser\/#website"},"datePublished":"2025-06-26T06:45:29+00:00","dateModified":"2025-06-26T12:22:31+00:00","breadcrumb":{"@id":"https:\/\/firmen.thelen-gruppe.com\/tser\/impressum\/#breadcrumb"},"inLanguage":"de","potentialAction":[{"@type":"ReadAction","target":["https:\/\/firmen.thelen-gruppe.com\/tser\/impressum\/"]}]},{"@type":"BreadcrumbList","@id":"https:\/\/firmen.thelen-gruppe.com\/tser\/impressum\/#breadcrumb","itemListElement":[{"@type":"ListItem","position":1,"name":"Startseite","item":"https:\/\/firmen.thelen-gruppe.com\/tser\/"},{"@type":"ListItem","position":2,"name":"Impressum"}]},{"@type":"WebSite","@id":"https:\/\/firmen.thelen-gruppe.com\/tser\/#website","url":"https:\/\/firmen.thelen-gruppe.com\/tser\/","name":"TSER","description":"","potentialAction":[{"@type":"SearchAction","target":{"@type":"EntryPoint","urlTemplate":"https:\/\/firmen.thelen-gruppe.com\/tser\/?s={search_term_string}"},"query-input":{"@type":"PropertyValueSpecification","valueRequired":true,"valueName":"search_term_string"}}],"inLanguage":"de"}]}},"_links":{"self":[{"href":"https:\/\/firmen.thelen-gruppe.com\/tser\/wp-json\/wp\/v2\/pages\/138","targetHints":{"allow":["GET"]}}],"collection":[{"href":"https:\/\/firmen.thelen-gruppe.com\/tser\/wp-json\/wp\/v2\/pages"}],"about":[{"href":"https:\/\/firmen.thelen-gruppe.com\/tser\/wp-json\/wp\/v2\/types\/page"}],"author":[{"embeddable":true,"href":"https:\/\/firmen.thelen-gruppe.com\/tser\/wp-json\/wp\/v2\/users\/1"}],"replies":[{"embeddable":true,"href":"https:\/\/firmen.thelen-gruppe.com\/tser\/wp-json\/wp\/v2\/comments?post=138"}],"version-history":[{"count":9,"href":"https:\/\/firmen.thelen-gruppe.com\/tser\/wp-json\/wp\/v2\/pages\/138\/revisions"}],"predecessor-version":[{"id":176,"href":"https:\/\/firmen.thelen-gruppe.com\/tser\/wp-json\/wp\/v2\/pages\/138\/revisions\/176"}],"wp:attachment":[{"href":"https:\/\/firmen.thelen-gruppe.com\/tser\/wp-json\/wp\/v2\/media?parent=138"}],"curies":[{"name":"wp","href":"https:\/\/api.w.org\/{rel}","templated":true}]}}